{"id":6068,"date":"2021-07-30T16:09:56","date_gmt":"2021-07-30T20:09:56","guid":{"rendered":"https:\/\/mtlcoolprod.wpengine.com\/sierraseries\/"},"modified":"2021-10-19T11:13:44","modified_gmt":"2021-10-19T15:13:44","slug":"sierraseries","status":"publish","type":"page","link":"https:\/\/www.mtlcool.com\/fr\/sierraseries\/","title":{"rendered":"SIERRA SERIES"},"content":{"rendered":"\t\t<div class=\"et_pb_section et_pb_with_background et_section_regular breadcrumbs_section\">\n\t\t\t<div class=\" et_pb_row breadcrumbs_row\">\n\t\t\t\t<div class=\"et_pb_column et_pb_column_4_4 breadcrumbs_column\">\n\t\t\t\t\t<div class=\"et_pb_code et_pb_module breadcrumbs_module\">\n\t\t\t\t\t\t<span><span><a href=\"https:\/\/www.mtlcool.com\/fr\/\">Accueil<\/a><\/span><\/span>\t\t\t\t\t<\/div> <!-- .et_pb_code -->\n\t\t\t\t<\/div> <!-- .et_pb_column -->\n\t\t\t<\/div> <!-- .et_pb_row -->\n\t\t<\/div>\n\t\t<p>[et_pb_section fb_built=\u00a0\u00bb1&Prime; _builder_version=\u00a0\u00bb4.4.4&Prime; min_height=\u00a0\u00bb48px\u00a0\u00bb custom_padding=\u00a0\u00bb||0px|||\u00a0\u00bb global_colors_info=\u00a0\u00bb{}\u00a0\u00bb][et_pb_row _builder_version=\u00a0\u00bb4.4.4&Prime; custom_padding=\u00a0\u00bb0px||0px|||\u00a0\u00bb global_colors_info=\u00a0\u00bb{}\u00a0\u00bb][et_pb_column type=\u00a0\u00bb4_4&Prime; _builder_version=\u00a0\u00bb4.4.4&Prime; global_colors_info=\u00a0\u00bb{}\u00a0\u00bb][et_pb_text _builder_version=\u00a0\u00bb4.9.10&Prime; text_font=\u00a0\u00bb|300|||||||\u00a0\u00bb text_text_color=\u00a0\u00bb#000000&Prime; text_font_size=\u00a0\u00bb26px\u00a0\u00bb header_font=\u00a0\u00bbMontserrat|800|||||||\u00a0\u00bb header_text_align=\u00a0\u00bbcenter\u00a0\u00bb header_text_color=\u00a0\u00bb#00b8dc\u00a0\u00bb header_font_size=\u00a0\u00bb43px\u00a0\u00bb text_orientation=\u00a0\u00bbcenter\u00a0\u00bb custom_padding=\u00a0\u00bb||53px|||\u00a0\u00bb global_colors_info=\u00a0\u00bb{}\u00a0\u00bb]<\/p>\n<h1><strong>SIERRA-LP SERIES<\/strong><\/h1>\n<p><strong><span style=\"color: #000000;\"><a href=\"https:\/\/www.google.com\/search?client=safari&amp;rls=en&amp;q=PR%C3%89SENTOIR&amp;ie=UTF-8&amp;oe=UTF-8\" style=\"color: #000000;\">PR\u00c9SENTOIR<\/a> <\/span>RAB<\/strong> AND <strong>GO<\/strong><\/p>\n<p>&nbsp;<\/p>\n<p>[\/et_pb_text][\/et_pb_column][\/et_pb_row][et_pb_row column_structure=\u00a0\u00bb1_2,1_2&Prime; use_custom_gutter=\u00a0\u00bbon\u00a0\u00bb gutter_width=\u00a0\u00bb1&Prime; make_equal=\u00a0\u00bbon\u00a0\u00bb module_class=\u00a0\u00bb et_pb_row_fullwidth\u00a0\u00bb _builder_version=\u00a0\u00bb4.9.10&Prime; width=\u00a0\u00bb100%\u00a0\u00bb width_tablet=\u00a0\u00bb100%\u00a0\u00bb width_phone=\u00a0\u00bb\u00a0\u00bb width_last_edited=\u00a0\u00bbon|desktop\u00a0\u00bb max_width=\u00a0\u00bb100%\u00a0\u00bb max_width_tablet=\u00a0\u00bb100%\u00a0\u00bb max_width_phone=\u00a0\u00bb\u00a0\u00bb max_width_last_edited=\u00a0\u00bbon|desktop\u00a0\u00bb custom_padding=\u00a0\u00bb0px||0px|||\u00a0\u00bb make_fullwidth=\u00a0\u00bbon\u00a0\u00bb global_colors_info=\u00a0\u00bb{}\u00a0\u00bb][et_pb_column type=\u00a0\u00bb1_2&Prime; module_class=\u00a0\u00bbhide-icon-home-latest-articles\u00a0\u00bb _builder_version=\u00a0\u00bb4.9.10&Prime; background_color=\u00a0\u00bb#0096d6&Prime; background_image=\u00a0\u00bbhttps:\/\/www.mtlcool.com\/wp-content\/uploads\/2018\/02\/background-motif-article-blogue.png\u00a0\u00bb custom_padding=\u00a0\u00bb115px|30px|115px|30px\u00a0\u00bb custom_padding_tablet=\u00a0\u00bb60px|30px|60px|30px\u00a0\u00bb custom_padding_phone=\u00a0\u00bb\u00a0\u00bb custom_padding_last_edited=\u00a0\u00bbon|tablet\u00a0\u00bb custom_css_main_element=\u00a0\u00bbbackground-size: contain;||background-position: -175px 0;||background-repeat: no-repeat;\u00a0\u00bb global_colors_info=\u00a0\u00bb{}\u00a0\u00bb custom_padding__hover=\u00a0\u00bb|||\u00a0\u00bb][et_pb_text admin_label=\u00a0\u00bbRECENT ARTICLE\u00a0\u00bb _builder_version=\u00a0\u00bb4.11.3&Prime; background_layout=\u00a0\u00bbdark\u00a0\u00bb max_width=\u00a0\u00bb540px\u00a0\u00bb module_alignment=\u00a0\u00bbcenter\u00a0\u00bb custom_margin=\u00a0\u00bb10%||10%||false|false\u00a0\u00bb custom_margin_tablet=\u00a0\u00bb||||false|false\u00a0\u00bb custom_margin_phone=\u00a0\u00bb\u00a0\u00bb custom_margin_last_edited=\u00a0\u00bbon|desktop\u00a0\u00bb global_colors_info=\u00a0\u00bb{}\u00a0\u00bb]<\/p>\n<h3><strong>SIERRA-LP SERIES\u00a0<\/strong><\/h3>\n<p>A un design d\u2019une \u00e9l\u00e9gance unique et de grandes fen\u00eatres en verre pour maximiser la visibilit\u00e9 de vos produits. Le Sierra-LP est un pr\u00e9sentoir id\u00e9al pour am\u00e9liorer la commodit\u00e9, la visibilit\u00e9 et les ventes des clients!<\/p>\n<p>[\/et_pb_text][\/et_pb_column][et_pb_column type=\u00a0\u00bb1_2&Prime; _builder_version=\u00a0\u00bb4.9.10&Prime; background_image=\u00a0\u00bbhttps:\/\/www.mtlcool.com\/wp-content\/uploads\/2021\/07\/lp-sierras.png\u00a0\u00bb custom_padding_tablet=\u00a0\u00bb450px||||false|false\u00a0\u00bb custom_padding_phone=\u00a0\u00bb260px||||false|false\u00a0\u00bb custom_padding_last_edited=\u00a0\u00bbon|phone\u00a0\u00bb global_colors_info=\u00a0\u00bb{}\u00a0\u00bb custom_padding__hover=\u00a0\u00bb|||\u00a0\u00bb][\/et_pb_column][\/et_pb_row][et_pb_row column_structure=\u00a0\u00bb1_2,1_2&Prime; use_custom_gutter=\u00a0\u00bbon\u00a0\u00bb gutter_width=\u00a0\u00bb1&Prime; make_equal=\u00a0\u00bbon\u00a0\u00bb module_class=\u00a0\u00bb et_pb_row_fullwidth\u00a0\u00bb _builder_version=\u00a0\u00bb4.9.10&Prime; width=\u00a0\u00bb100%\u00a0\u00bb width_tablet=\u00a0\u00bb100%\u00a0\u00bb width_phone=\u00a0\u00bb\u00a0\u00bb width_last_edited=\u00a0\u00bbon|desktop\u00a0\u00bb max_width=\u00a0\u00bb100%\u00a0\u00bb max_width_tablet=\u00a0\u00bb100%\u00a0\u00bb max_width_phone=\u00a0\u00bb\u00a0\u00bb max_width_last_edited=\u00a0\u00bbon|desktop\u00a0\u00bb custom_padding=\u00a0\u00bb0px||0px|||\u00a0\u00bb make_fullwidth=\u00a0\u00bbon\u00a0\u00bb global_colors_info=\u00a0\u00bb{}\u00a0\u00bb][et_pb_column type=\u00a0\u00bb1_2&Prime; _builder_version=\u00a0\u00bb4.9.10&Prime; background_image=\u00a0\u00bbhttps:\/\/www.mtlcool.com\/wp-content\/uploads\/2021\/07\/sierra-24-003.jpg\u00a0\u00bb custom_padding=\u00a0\u00bb250px||250px||false|false\u00a0\u00bb global_colors_info=\u00a0\u00bb{}\u00a0\u00bb custom_padding__hover=\u00a0\u00bb|||\u00a0\u00bb][\/et_pb_column][et_pb_column type=\u00a0\u00bb1_2&Prime; module_class=\u00a0\u00bbhide-icon-home-latest-articles\u00a0\u00bb _builder_version=\u00a0\u00bb4.4.4&Prime; background_color=\u00a0\u00bb#0b89c4&Prime; background_image=\u00a0\u00bbhttps:\/\/www.mtlcool.com\/wp-content\/uploads\/2018\/02\/background-motif-article-blogue.png\u00a0\u00bb custom_padding=\u00a0\u00bb115px|30px|115px|30px\u00a0\u00bb custom_padding_tablet=\u00a0\u00bb60px|30px|60px|30px\u00a0\u00bb custom_padding_phone=\u00a0\u00bb\u00a0\u00bb custom_padding_last_edited=\u00a0\u00bbon|tablet\u00a0\u00bb custom_css_main_element=\u00a0\u00bbbackground-size: contain;||background-position: -175px 0;||background-repeat: no-repeat;\u00a0\u00bb global_colors_info=\u00a0\u00bb{}\u00a0\u00bb custom_padding__hover=\u00a0\u00bb|||\u00a0\u00bb][et_pb_text admin_label=\u00a0\u00bbRECENT ARTICLE\u00a0\u00bb _builder_version=\u00a0\u00bb4.11.3&Prime; background_layout=\u00a0\u00bbdark\u00a0\u00bb max_width=\u00a0\u00bb540px\u00a0\u00bb module_alignment=\u00a0\u00bbcenter\u00a0\u00bb custom_margin=\u00a0\u00bb5%|20%|5%||false|false\u00a0\u00bb custom_margin_tablet=\u00a0\u00bb||15px|\u00a0\u00bb custom_margin_phone=\u00a0\u00bb\u00a0\u00bb custom_margin_last_edited=\u00a0\u00bbon|desktop\u00a0\u00bb global_colors_info=\u00a0\u00bb{}\u00a0\u00bb]<\/p>\n<h3><strong>\u00a0PRINCIPALES CARACT\u00c9RISTIQUES<\/strong><\/h3>\n<ul>\n<li><span style=\"font-size: 18px;\">Design offrant une grande visibilit\u00e9\u00a0<\/span><\/li>\n<li><span style=\"font-size: 18px;\">Tablettes et bandes de prix \u00e9clair\u00e9es individuellement au LED <\/span><\/li>\n<li>En-t\u00eate unique au LED de type \u2018\u2019EDGE-Lit\u2019\u2019<\/li>\n<li>Contr\u00f4le digital<\/li>\n<li>Thermom\u00e8tre digital<\/li>\n<li>D\u00e9givrage automatique<\/li>\n<li>Graphisme (c\u00f4t\u00e9s, au pied et en-t\u00eate)<\/li>\n<\/ul>\n<p>[\/et_pb_text][\/et_pb_column][\/et_pb_row][\/et_pb_section][et_pb_section fb_built=\u00a0\u00bb1&Prime; _builder_version=\u00a0\u00bb4.9.10&Prime; _module_preset=\u00a0\u00bbdefault\u00a0\u00bb global_colors_info=\u00a0\u00bb{}\u00a0\u00bb][et_pb_row column_structure=\u00a0\u00bb1_4,1_4,1_4,1_4&Prime; _builder_version=\u00a0\u00bb4.9.10&Prime; _module_preset=\u00a0\u00bbdefault\u00a0\u00bb width=\u00a0\u00bb100%\u00a0\u00bb width_tablet=\u00a0\u00bb\u00a0\u00bb width_phone=\u00a0\u00bb\u00a0\u00bb width_last_edited=\u00a0\u00bbon|desktop\u00a0\u00bb max_width=\u00a0\u00bb80%\u00a0\u00bb global_colors_info=\u00a0\u00bb{}\u00a0\u00bb][et_pb_column type=\u00a0\u00bb1_4&Prime; _builder_version=\u00a0\u00bb4.9.10&Prime; _module_preset=\u00a0\u00bbdefault\u00a0\u00bb global_colors_info=\u00a0\u00bb{}\u00a0\u00bb][et_pb_image src=\u00a0\u00bbhttps:\/\/www.mtlcool.com\/wp-content\/uploads\/2021\/07\/sierra-24-002.jpg\u00a0\u00bb title_text=\u00a0\u00bbSIERRA-24_002&Prime; _builder_version=\u00a0\u00bb4.9.10&Prime; _module_preset=\u00a0\u00bbdefault\u00a0\u00bb global_colors_info=\u00a0\u00bb{}\u00a0\u00bb][\/et_pb_image][\/et_pb_column][et_pb_column type=\u00a0\u00bb1_4&Prime; _builder_version=\u00a0\u00bb4.9.10&Prime; _module_preset=\u00a0\u00bbdefault\u00a0\u00bb global_colors_info=\u00a0\u00bb{}\u00a0\u00bb][et_pb_image src=\u00a0\u00bbhttps:\/\/www.mtlcool.com\/wp-content\/uploads\/2021\/07\/sierra-48-003.jpg\u00a0\u00bb title_text=\u00a0\u00bbSIERRA-48_003&Prime; _builder_version=\u00a0\u00bb4.9.10&Prime; _module_preset=\u00a0\u00bbdefault\u00a0\u00bb global_colors_info=\u00a0\u00bb{}\u00a0\u00bb][\/et_pb_image][\/et_pb_column][et_pb_column type=\u00a0\u00bb1_4&Prime; _builder_version=\u00a0\u00bb4.9.10&Prime; _module_preset=\u00a0\u00bbdefault\u00a0\u00bb global_colors_info=\u00a0\u00bb{}\u00a0\u00bb][et_pb_image src=\u00a0\u00bbhttps:\/\/www.mtlcool.com\/wp-content\/uploads\/2021\/07\/sierra-36-lp-004.jpg\u00a0\u00bb title_text=\u00a0\u00bbSIERRA_36_LP_004&Prime; _builder_version=\u00a0\u00bb4.9.10&Prime; _module_preset=\u00a0\u00bbdefault\u00a0\u00bb global_colors_info=\u00a0\u00bb{}\u00a0\u00bb][\/et_pb_image][\/et_pb_column][et_pb_column type=\u00a0\u00bb1_4&Prime; _builder_version=\u00a0\u00bb4.9.10&Prime; _module_preset=\u00a0\u00bbdefault\u00a0\u00bb global_colors_info=\u00a0\u00bb{}\u00a0\u00bb][et_pb_image src=\u00a0\u00bbhttps:\/\/www.mtlcool.com\/wp-content\/uploads\/2021\/07\/sierra-24-004.jpg\u00a0\u00bb title_text=\u00a0\u00bbSIERRA-24_004&Prime; _builder_version=\u00a0\u00bb4.9.10&Prime; _module_preset=\u00a0\u00bbdefault\u00a0\u00bb global_colors_info=\u00a0\u00bb{}\u00a0\u00bb][\/et_pb_image][\/et_pb_column][\/et_pb_row][\/et_pb_section][et_pb_section fb_built=\u00a0\u00bb1&Prime; _builder_version=\u00a0\u00bb4.4.4&Prime; background_color=\u00a0\u00bb#e2e2e2&Prime; global_colors_info=\u00a0\u00bb{}\u00a0\u00bb][et_pb_row _builder_version=\u00a0\u00bb4.4.4&Prime; custom_padding=\u00a0\u00bb||7px|||\u00a0\u00bb global_colors_info=\u00a0\u00bb{}\u00a0\u00bb][et_pb_column type=\u00a0\u00bb4_4&Prime; _builder_version=\u00a0\u00bb4.4.4&Prime; global_colors_info=\u00a0\u00bb{}\u00a0\u00bb][et_pb_text _builder_version=\u00a0\u00bb4.11.3&Prime; global_colors_info=\u00a0\u00bb{}\u00a0\u00bb]<\/p>\n<p>Pour plus d&rsquo;informations concernant la <strong>SIERRA-LP SERIES<\/strong> contactez-nous ici ou \u00e9crivez-nous \u00e0 <span style=\"color: #00ccff;\"><strong>info@mtlcool.com<\/strong><\/span><\/p>\n<p>Pour les derniers d\u00e9veloppements, abonnez-vous \u00e0 notre newsletter<\/p>\n<p>&nbsp;<\/p>\n<div class=\"frm_forms  with_frm_style frm_style_formidable-style\" id=\"frm_form_17_container\" >\n<form enctype=\"multipart\/form-data\" method=\"post\" class=\"frm-show-form btn-right frm_pro_form \" id=\"form_z1rge36f6a9216bb\" >\n<div class=\"frm_form_fields \">\n<fieldset>\n<legend class=\"frm_screen_reader\">Alpine-UV-390<\/legend>\r\n\r\n<div class=\"frm_fields_container\">\n<input type=\"hidden\" name=\"frm_action\" value=\"create\" \/>\n<input type=\"hidden\" name=\"form_id\" value=\"17\" \/>\n<input type=\"hidden\" name=\"frm_hide_fields_17\" id=\"frm_hide_fields_17\" value=\"\" \/>\n<input type=\"hidden\" name=\"form_key\" value=\"z1rge36f6a9216bb\" \/>\n<input type=\"hidden\" name=\"item_meta[0]\" value=\"\" \/>\n<input type=\"hidden\" id=\"frm_submit_entry_17\" name=\"frm_submit_entry_17\" value=\"aca5585694\" \/><input type=\"hidden\" name=\"_wp_http_referer\" value=\"\/fr\/wp-json\/wp\/v2\/pages\/6068\" \/><div id=\"frm_field_140_container\" class=\"frm_form_field form-field  frm_required_field frm_none_container frm_first frm_half\">\r\n    <label for=\"field_91w735f64d5c3e5\" class=\"frm_primary_label\">Last name\r\n        <span class=\"frm_required\">*<\/span>\r\n    <\/label>\r\n    <input  type=\"text\" id=\"field_91w735f64d5c3e5\" name=\"item_meta[140]\" value=\"\"  placeholder=\"Last name* :\" data-reqmsg=\"Ce champ ne peut pas \u00eatre vide\" aria-required=\"true\" data-invmsg=\"texte est non valide\" aria-invalid=\"false\"   \/>\r\n    \r\n    \r\n<\/div>\n<div id=\"frm_field_141_container\" class=\"frm_form_field form-field  frm_required_field frm_none_container frm_half\">\r\n    <label for=\"field_ogciu30dbea18422\" class=\"frm_primary_label\">First name\r\n        <span class=\"frm_required\">*<\/span>\r\n    <\/label>\r\n    <input  type=\"text\" id=\"field_ogciu30dbea18422\" name=\"item_meta[141]\" value=\"\"  placeholder=\"First name* :\" data-reqmsg=\"Ce champ ne peut pas \u00eatre vide\" aria-required=\"true\" data-invmsg=\"texte est non valide\" aria-invalid=\"false\"   \/>\r\n    \r\n    \r\n<\/div>\n<div id=\"frm_field_142_container\" class=\"frm_form_field form-field  frm_required_field frm_none_container frm_first frm_half\">\r\n    <label for=\"field_gwp8g462299a1b78\" class=\"frm_primary_label\">Email\r\n        <span class=\"frm_required\">*<\/span>\r\n    <\/label>\r\n    <input  type=\"text\" id=\"field_gwp8g462299a1b78\" name=\"item_meta[142]\" value=\"\"  placeholder=\"Email* :\" data-reqmsg=\"Ce champ ne peut pas \u00eatre vide\" aria-required=\"true\" data-invmsg=\"texte est non valide\" aria-invalid=\"false\"   \/>\r\n    \r\n    \r\n<\/div>\n<div id=\"frm_field_148_container\" class=\"frm_form_field form-field  frm_top_container vertical_radio\">\n    <div  id=\"field_r205d_label\" class=\"frm_primary_label\">\n        <span class=\"frm_required\"><\/span>\n    <\/div>\n    <div class=\"frm_opt_container\" aria-labelledby=\"field_r205d_label\" role=\"group\">\t\t<div class=\"frm_checkbox\" id=\"frm_checkbox_148-0\">\t\t\t<label  for=\"field_r205d-0\">\n\t\t\t<input type=\"checkbox\" name=\"item_meta[148][]\" id=\"field_r205d-0\" value=\"Subscribe to our newsletter\"  data-invmsg=\"Ce champ est non valide\"   \/> Subscribe to our newsletter<\/label><\/div>\n<\/div>\n    \n    \n<\/div>\n<div id=\"frm_field_154_container\" class=\"frm_form_field form-field \">\n\t<div class=\"frm_submit\">\r\n\r\n<button class=\"frm_button_submit frm_final_submit et_pb_module et_pb_button\" type=\"submit\"  >Send<\/button>\r\n\r\n<\/div>\n<\/div>\n\t<input type=\"hidden\" name=\"item_key\" value=\"\" \/>\n\t\t\t<div id=\"frm_field_155_container\">\n\t\t\t<label for=\"field_8w5oy\" >\n\t\t\t\tSi vous \u00eates un humain, ne remplissez pas ce champ.\t\t\t<\/label>\n\t\t\t<input  id=\"field_8w5oy\" type=\"text\" class=\"frm_form_field form-field frm_verify\" name=\"item_meta[155]\" value=\"\"  \/>\n\t\t<\/div>\n\t\t<input name=\"frm_state\" type=\"hidden\" value=\"qLhRYQ6m\/3D0dqCrhprSBovT688VzWe1fAI9C9ZX55K48yC+25CUp+ejHnwNUFiw\" \/><\/div>\n<\/fieldset>\n<\/div>\n\n<\/form>\n<\/div>\n\n<p>[\/et_pb_text][\/et_pb_column][\/et_pb_row][\/et_pb_section]<\/p>\n","protected":false},"excerpt":{"rendered":"<p>SIERRA-LP SERIES PR\u00c9SENTOIR RAB AND GO &nbsp;SIERRA-LP SERIES\u00a0 A un design d\u2019une \u00e9l\u00e9gance unique et de grandes fen\u00eatres en verre pour maximiser la visibilit\u00e9 de vos produits. Le Sierra-LP est un pr\u00e9sentoir id\u00e9al pour am\u00e9liorer la commodit\u00e9, la visibilit\u00e9 et les ventes des clients!\u00a0PRINCIPALES CARACT\u00c9RISTIQUES Design offrant une grande visibilit\u00e9\u00a0 Tablettes et bandes de prix [&hellip;]<\/p>\n","protected":false},"author":7,"featured_media":0,"parent":0,"menu_order":3,"comment_status":"closed","ping_status":"closed","template":"","meta":{"_acf_changed":false,"_et_pb_use_builder":"on","_et_pb_old_content":"","_et_gb_content_width":"","_monsterinsights_skip_tracking":false,"_monsterinsights_sitenote_active":false,"_monsterinsights_sitenote_note":"","_monsterinsights_sitenote_category":0,"footnotes":""},"class_list":["post-6068","page","type-page","status-publish","hentry"],"acf":[],"yoast_head":"<!-- This site is optimized with the Yoast SEO plugin v27.5 - https:\/\/yoast.com\/product\/yoast-seo-wordpress\/ -->\n<title>SIERRA SERIES - MTL COOL by FENYX TECHNOLOGY SOLUTIONS INC.<\/title>\n<meta name=\"robots\" content=\"index, follow, max-snippet:-1, max-image-preview:large, max-video-preview:-1\" \/>\n<link rel=\"canonical\" href=\"https:\/\/www.mtlcool.com\/fr\/sierraseries\/\" \/>\n<meta property=\"og:locale\" content=\"fr_FR\" \/>\n<meta property=\"og:type\" content=\"article\" \/>\n<meta property=\"og:title\" content=\"SIERRA SERIES - MTL COOL by FENYX TECHNOLOGY SOLUTIONS INC.\" \/>\n<meta property=\"og:description\" content=\"SIERRA-LP SERIES PR\u00c9SENTOIR RAB AND GO &nbsp;SIERRA-LP SERIES\u00a0 A un design d\u2019une \u00e9l\u00e9gance unique et de grandes fen\u00eatres en verre pour maximiser la visibilit\u00e9 de vos produits. Le Sierra-LP est un pr\u00e9sentoir id\u00e9al pour am\u00e9liorer la commodit\u00e9, la visibilit\u00e9 et les ventes des clients!\u00a0PRINCIPALES CARACT\u00c9RISTIQUES Design offrant une grande visibilit\u00e9\u00a0 Tablettes et bandes de prix [&hellip;]\" \/>\n<meta property=\"og:url\" content=\"https:\/\/www.mtlcool.com\/fr\/sierraseries\/\" \/>\n<meta property=\"og:site_name\" content=\"MTL COOL by FENYX TECHNOLOGY SOLUTIONS INC.\" \/>\n<meta property=\"article:modified_time\" content=\"2021-10-19T15:13:44+00:00\" \/>\n<meta name=\"twitter:card\" content=\"summary_large_image\" \/>\n<meta name=\"twitter:label1\" content=\"Dur\u00e9e de lecture estim\u00e9e\" \/>\n\t<meta name=\"twitter:data1\" content=\"2 minutes\" \/>\n<script type=\"application\/ld+json\" class=\"yoast-schema-graph\">{\"@context\":\"https:\\\/\\\/schema.org\",\"@graph\":[{\"@type\":\"WebPage\",\"@id\":\"https:\\\/\\\/www.mtlcool.com\\\/fr\\\/sierraseries\\\/\",\"url\":\"https:\\\/\\\/www.mtlcool.com\\\/fr\\\/sierraseries\\\/\",\"name\":\"SIERRA SERIES - MTL COOL by FENYX TECHNOLOGY SOLUTIONS INC.\",\"isPartOf\":{\"@id\":\"https:\\\/\\\/www.mtlcool.com\\\/fr\\\/#website\"},\"datePublished\":\"2021-07-30T20:09:56+00:00\",\"dateModified\":\"2021-10-19T15:13:44+00:00\",\"breadcrumb\":{\"@id\":\"https:\\\/\\\/www.mtlcool.com\\\/fr\\\/sierraseries\\\/#breadcrumb\"},\"inLanguage\":\"fr-FR\",\"potentialAction\":[{\"@type\":\"ReadAction\",\"target\":[\"https:\\\/\\\/www.mtlcool.com\\\/fr\\\/sierraseries\\\/\"]}]},{\"@type\":\"BreadcrumbList\",\"@id\":\"https:\\\/\\\/www.mtlcool.com\\\/fr\\\/sierraseries\\\/#breadcrumb\",\"itemListElement\":[{\"@type\":\"ListItem\",\"position\":1,\"name\":\"Accueil\",\"item\":\"https:\\\/\\\/www.mtlcool.com\\\/fr\\\/\"},{\"@type\":\"ListItem\",\"position\":2,\"name\":\"SIERRA SERIES\"}]},{\"@type\":\"WebSite\",\"@id\":\"https:\\\/\\\/www.mtlcool.com\\\/fr\\\/#website\",\"url\":\"https:\\\/\\\/www.mtlcool.com\\\/fr\\\/\",\"name\":\"MTL COOL by FENYX TECHNOLOGY SOLUTIONS INC.\",\"description\":\"\",\"potentialAction\":[{\"@type\":\"SearchAction\",\"target\":{\"@type\":\"EntryPoint\",\"urlTemplate\":\"https:\\\/\\\/www.mtlcool.com\\\/fr\\\/?s={search_term_string}\"},\"query-input\":{\"@type\":\"PropertyValueSpecification\",\"valueRequired\":true,\"valueName\":\"search_term_string\"}}],\"inLanguage\":\"fr-FR\"}]}<\/script>\n<!-- \/ Yoast SEO plugin. -->","yoast_head_json":{"title":"SIERRA SERIES - MTL COOL by FENYX TECHNOLOGY SOLUTIONS INC.","robots":{"index":"index","follow":"follow","max-snippet":"max-snippet:-1","max-image-preview":"max-image-preview:large","max-video-preview":"max-video-preview:-1"},"canonical":"https:\/\/www.mtlcool.com\/fr\/sierraseries\/","og_locale":"fr_FR","og_type":"article","og_title":"SIERRA SERIES - MTL COOL by FENYX TECHNOLOGY SOLUTIONS INC.","og_description":"SIERRA-LP SERIES PR\u00c9SENTOIR RAB AND GO &nbsp;SIERRA-LP SERIES\u00a0 A un design d\u2019une \u00e9l\u00e9gance unique et de grandes fen\u00eatres en verre pour maximiser la visibilit\u00e9 de vos produits. Le Sierra-LP est un pr\u00e9sentoir id\u00e9al pour am\u00e9liorer la commodit\u00e9, la visibilit\u00e9 et les ventes des clients!\u00a0PRINCIPALES CARACT\u00c9RISTIQUES Design offrant une grande visibilit\u00e9\u00a0 Tablettes et bandes de prix [&hellip;]","og_url":"https:\/\/www.mtlcool.com\/fr\/sierraseries\/","og_site_name":"MTL COOL by FENYX TECHNOLOGY SOLUTIONS INC.","article_modified_time":"2021-10-19T15:13:44+00:00","twitter_card":"summary_large_image","twitter_misc":{"Dur\u00e9e de lecture estim\u00e9e":"2 minutes"},"schema":{"@context":"https:\/\/schema.org","@graph":[{"@type":"WebPage","@id":"https:\/\/www.mtlcool.com\/fr\/sierraseries\/","url":"https:\/\/www.mtlcool.com\/fr\/sierraseries\/","name":"SIERRA SERIES - MTL COOL by FENYX TECHNOLOGY SOLUTIONS INC.","isPartOf":{"@id":"https:\/\/www.mtlcool.com\/fr\/#website"},"datePublished":"2021-07-30T20:09:56+00:00","dateModified":"2021-10-19T15:13:44+00:00","breadcrumb":{"@id":"https:\/\/www.mtlcool.com\/fr\/sierraseries\/#breadcrumb"},"inLanguage":"fr-FR","potentialAction":[{"@type":"ReadAction","target":["https:\/\/www.mtlcool.com\/fr\/sierraseries\/"]}]},{"@type":"BreadcrumbList","@id":"https:\/\/www.mtlcool.com\/fr\/sierraseries\/#breadcrumb","itemListElement":[{"@type":"ListItem","position":1,"name":"Accueil","item":"https:\/\/www.mtlcool.com\/fr\/"},{"@type":"ListItem","position":2,"name":"SIERRA SERIES"}]},{"@type":"WebSite","@id":"https:\/\/www.mtlcool.com\/fr\/#website","url":"https:\/\/www.mtlcool.com\/fr\/","name":"MTL COOL by FENYX TECHNOLOGY SOLUTIONS INC.","description":"","potentialAction":[{"@type":"SearchAction","target":{"@type":"EntryPoint","urlTemplate":"https:\/\/www.mtlcool.com\/fr\/?s={search_term_string}"},"query-input":{"@type":"PropertyValueSpecification","valueRequired":true,"valueName":"search_term_string"}}],"inLanguage":"fr-FR"}]}},"_links":{"self":[{"href":"https:\/\/www.mtlcool.com\/fr\/wp-json\/wp\/v2\/pages\/6068","targetHints":{"allow":["GET"]}}],"collection":[{"href":"https:\/\/www.mtlcool.com\/fr\/wp-json\/wp\/v2\/pages"}],"about":[{"href":"https:\/\/www.mtlcool.com\/fr\/wp-json\/wp\/v2\/types\/page"}],"author":[{"embeddable":true,"href":"https:\/\/www.mtlcool.com\/fr\/wp-json\/wp\/v2\/users\/7"}],"replies":[{"embeddable":true,"href":"https:\/\/www.mtlcool.com\/fr\/wp-json\/wp\/v2\/comments?post=6068"}],"version-history":[{"count":0,"href":"https:\/\/www.mtlcool.com\/fr\/wp-json\/wp\/v2\/pages\/6068\/revisions"}],"wp:attachment":[{"href":"https:\/\/www.mtlcool.com\/fr\/wp-json\/wp\/v2\/media?parent=6068"}],"curies":[{"name":"wp","href":"https:\/\/api.w.org\/{rel}","templated":true}]}}