{"id":493,"date":"2018-02-14T13:24:23","date_gmt":"2018-02-14T18:24:23","guid":{"rendered":"https:\/\/mtlcoolprod.wpengine.com\/?page_id=493"},"modified":"2018-04-03T11:41:05","modified_gmt":"2018-04-03T15:41:05","slug":"carriere","status":"publish","type":"page","link":"https:\/\/www.mtlcool.com\/fr\/carriere\/","title":{"rendered":"Carri\u00e8re"},"content":{"rendered":"\t\t<div class=\"et_pb_section et_pb_with_background et_section_regular breadcrumbs_section\">\n\t\t\t<div class=\" et_pb_row breadcrumbs_row\">\n\t\t\t\t<div class=\"et_pb_column et_pb_column_4_4 breadcrumbs_column\">\n\t\t\t\t\t<div class=\"et_pb_code et_pb_module breadcrumbs_module\">\n\t\t\t\t\t\t<span><span><a href=\"https:\/\/www.mtlcool.com\/fr\/\">Accueil<\/a><\/span><\/span>\t\t\t\t\t<\/div> <!-- .et_pb_code -->\n\t\t\t\t<\/div> <!-- .et_pb_column -->\n\t\t\t<\/div> <!-- .et_pb_row -->\n\t\t<\/div>\n\t\t<p>[et_pb_section bb_built=\u00a0\u00bb1&Prime; fullwidth=\u00a0\u00bboff\u00a0\u00bb specialty=\u00a0\u00bboff\u00a0\u00bb next_background_color=\u00a0\u00bb#000000&Prime; _builder_version=\u00a0\u00bb3.0.106&Prime; background_image=\u00a0\u00bbhttps:\/\/www.mtlcool.com\/wp-content\/uploads\/2018\/03\/carriere-featured-image.jpg\u00a0\u00bb custom_padding=\u00a0\u00bb250px||250px|\u00a0\u00bb custom_padding_tablet=\u00a0\u00bb200px||200px|\u00a0\u00bb custom_padding_phone=\u00a0\u00bb150px||150px|\u00a0\u00bb custom_padding_last_edited=\u00a0\u00bbon|desktop\u00a0\u00bb][et_pb_row][et_pb_column type=\u00a0\u00bb4_4&Prime;][et_pb_text admin_label=\u00a0\u00bbPLUS QU&rsquo;UN EMPLOI, UNE CARRI\u00c8RE!\u00a0\u00bb _builder_version=\u00a0\u00bb3.0.106&Prime; background_layout=\u00a0\u00bbdark\u00a0\u00bb text_orientation=\u00a0\u00bbcenter\u00a0\u00bb text_font_size=\u00a0\u00bb90px\u00a0\u00bb text_font_size_tablet=\u00a0\u00bb48px\u00a0\u00bb text_font_size_phone=\u00a0\u00bb36px\u00a0\u00bb text_font_size_last_edited=\u00a0\u00bbon|tablet\u00a0\u00bb text_line_height=\u00a0\u00bb1.2em\u00a0\u00bb]<\/p>\n<h1 class=\"large-headline\"><strong>PLUS QU&rsquo;UN EMPLOI,<\/strong><br \/>\n <strong>UNE CARRI\u00c8RE!<\/strong><\/h1>\n<p>[\/et_pb_text][\/et_pb_column][\/et_pb_row][\/et_pb_section][et_pb_section bb_built=\u00a0\u00bb1&Prime; prev_background_color=\u00a0\u00bb#000000&Prime; next_background_color=\u00a0\u00bb#f5f5f5&Prime;][et_pb_row _builder_version=\u00a0\u00bb3.0.106&Prime; make_fullwidth=\u00a0\u00bbon\u00a0\u00bb use_custom_gutter=\u00a0\u00bbon\u00a0\u00bb][et_pb_column type=\u00a0\u00bb1_3&Prime;][et_pb_image _builder_version=\u00a0\u00bb3.0.106&Prime; src=\u00a0\u00bbhttps:\/\/www.mtlcool.com\/wp-content\/uploads\/2018\/03\/dsc-6451.jpg\u00a0\u00bb show_in_lightbox=\u00a0\u00bboff\u00a0\u00bb url_new_window=\u00a0\u00bboff\u00a0\u00bb use_overlay=\u00a0\u00bboff\u00a0\u00bb always_center_on_mobile=\u00a0\u00bbon\u00a0\u00bb force_fullwidth=\u00a0\u00bboff\u00a0\u00bb show_bottom_space=\u00a0\u00bbon\u00a0\u00bb \/][et_pb_text admin_label=\u00a0\u00bbUn milieu amical\u00a0\u00bb _builder_version=\u00a0\u00bb3.0.106&Prime; background_layout=\u00a0\u00bblight\u00a0\u00bb text_orientation=\u00a0\u00bbcenter\u00a0\u00bb]<\/p>\n<h3><strong>Un milieu amical<\/strong><\/h3>\n<p>Nous avons \u00e0 c\u0153ur d\u2019offrir un environnement de travail agr\u00e9able et sain pour nos employ\u00e9s. Vous d\u00e9couvrirez chez nous une ambiance chaleureuse et accueillante!<\/p>\n<p>[\/et_pb_text][\/et_pb_column][et_pb_column type=\u00a0\u00bb1_3&Prime;][et_pb_image _builder_version=\u00a0\u00bb3.0.106&Prime; src=\u00a0\u00bbhttps:\/\/www.mtlcool.com\/wp-content\/uploads\/2018\/03\/profit500-fr-1.jpeg\u00a0\u00bb show_in_lightbox=\u00a0\u00bboff\u00a0\u00bb url_new_window=\u00a0\u00bboff\u00a0\u00bb use_overlay=\u00a0\u00bboff\u00a0\u00bb always_center_on_mobile=\u00a0\u00bbon\u00a0\u00bb force_fullwidth=\u00a0\u00bboff\u00a0\u00bb show_bottom_space=\u00a0\u00bbon\u00a0\u00bb \/][et_pb_text admin_label=\u00a0\u00bbUne compagnie qui voit grand\u00a0\u00bb _builder_version=\u00a0\u00bb3.0.106&Prime; background_layout=\u00a0\u00bblight\u00a0\u00bb text_orientation=\u00a0\u00bbcenter\u00a0\u00bb]<\/p>\n<h3><strong>Une compagnie qui voit grand<\/strong><\/h3>\n<p>Nous sommes fiers d\u2019appara\u00eetre depuis 2015 sur le prestigieux palmar\u00e8s Profit 500 des entreprises ayant la croissance la plus rapide au Canada.<\/p>\n<p>[\/et_pb_text][\/et_pb_column][et_pb_column type=\u00a0\u00bb1_3&Prime;][et_pb_image _builder_version=\u00a0\u00bb3.0.106&Prime; src=\u00a0\u00bbhttps:\/\/www.mtlcool.com\/wp-content\/uploads\/2018\/03\/mtl-technologies-83.jpg\u00a0\u00bb show_in_lightbox=\u00a0\u00bboff\u00a0\u00bb url_new_window=\u00a0\u00bboff\u00a0\u00bb use_overlay=\u00a0\u00bboff\u00a0\u00bb always_center_on_mobile=\u00a0\u00bbon\u00a0\u00bb force_fullwidth=\u00a0\u00bboff\u00a0\u00bb show_bottom_space=\u00a0\u00bbon\u00a0\u00bb \/][et_pb_text admin_label=\u00a0\u00bbUne entreprise familiale\u00a0\u00bb _builder_version=\u00a0\u00bb3.0.106&Prime; background_layout=\u00a0\u00bblight\u00a0\u00bb text_orientation=\u00a0\u00bbcenter\u00a0\u00bb]<\/p>\n<h3><strong>Une entreprise familiale<\/strong><\/h3>\n<p>Notre milieu de travail, convivial et engageant, met en valeur vos talents et vos capacit\u00e9s personnelles. Chaque employ\u00e9 est comme un membre de la famille!<\/p>\n<p>[\/et_pb_text][\/et_pb_column][\/et_pb_row][et_pb_row _builder_version=\u00a0\u00bb3.0.106&Prime; custom_padding=\u00a0\u00bb||0px|\u00a0\u00bb][et_pb_column type=\u00a0\u00bb4_4&Prime;][et_pb_text admin_label=\u00a0\u00bbPostes disponibles\u00a0\u00bb _builder_version=\u00a0\u00bb3.0.106&Prime; background_layout=\u00a0\u00bblight\u00a0\u00bb text_orientation=\u00a0\u00bbcenter\u00a0\u00bb]<\/p>\n<h2>Postes disponibles<\/h2>\n<p>[\/et_pb_text][\/et_pb_column][\/et_pb_row][\/et_pb_section][et_pb_section bb_built=\u00a0\u00bb1&Prime; fullwidth=\u00a0\u00bboff\u00a0\u00bb specialty=\u00a0\u00bboff\u00a0\u00bb prev_background_color=\u00a0\u00bb#ffffff\u00a0\u00bb _builder_version=\u00a0\u00bb3.0.106&Prime; background_color=\u00a0\u00bb#f5f5f5&Prime;][et_pb_row _builder_version=\u00a0\u00bb3.0.106&Prime;][et_pb_column type=\u00a0\u00bb4_4&Prime;][et_pb_code admin_label=\u00a0\u00bbPostes listing\u00a0\u00bb _builder_version=\u00a0\u00bb3.0.106&Prime;]\n\t<p style=\"text-align: center; font-weight: 700;\">Aucun poste n\u2019est ouvert pour l\u2019instant.<\/p>\n[\/et_pb_code][\/et_pb_column][\/et_pb_row][\/et_pb_section]<\/p>\n","protected":false},"excerpt":{"rendered":"<p><div class=\"et_pb_row et_pb_row_0 et_pb_row_empty\">\n\t\t\t\t\n\t\t\t\t\n\t\t\t\t\n\t\t\t\t\n\t\t\t\t\n\t\t\t<\/div> PLUS QU&rsquo;UN EMPLOI, UNE CARRI\u00c8RE! Un milieu amical Nous avons \u00e0 c\u0153ur d\u2019offrir un environnement de travail agr\u00e9able et sain pour nos employ\u00e9s. Vous d\u00e9couvrirez chez nous une ambiance chaleureuse et accueillante! Une compagnie qui voit grand Nous sommes fiers d\u2019appara\u00eetre depuis 2015 sur le prestigieux palmar\u00e8s Profit 500 des entreprises ayant la croissance [&hellip;]<\/p>\n","protected":false},"author":1,"featured_media":0,"parent":0,"menu_order":8,"comment_status":"closed","ping_status":"closed","template":"","meta":{"_acf_changed":false,"_et_pb_use_builder":"on","_et_pb_old_content":"","_et_gb_content_width":"","_monsterinsights_skip_tracking":false,"_monsterinsights_sitenote_active":false,"_monsterinsights_sitenote_note":"","_monsterinsights_sitenote_category":0,"footnotes":""},"class_list":["post-493","page","type-page","status-publish","hentry"],"acf":[],"yoast_head":"<!-- This site is optimized with the Yoast SEO plugin v27.5 - https:\/\/yoast.com\/product\/yoast-seo-wordpress\/ -->\n<title>Section Carri\u00e8re | MTL COOL<\/title>\n<meta name=\"description\" content=\"Un milieu amical Nous avons \u00e0 c\u0153ur d\u2019offrir un environnement de travail agr\u00e9able et sain pour nos employ\u00e9s. Vous d\u00e9couvrirez chez nous une ambiance chaleureuse et accueillante!\" \/>\n<meta name=\"robots\" content=\"index, follow, max-snippet:-1, max-image-preview:large, max-video-preview:-1\" \/>\n<link rel=\"canonical\" href=\"https:\/\/www.mtlcool.com\/fr\/carriere\/\" \/>\n<meta property=\"og:locale\" content=\"fr_FR\" \/>\n<meta property=\"og:type\" content=\"article\" \/>\n<meta property=\"og:title\" content=\"Section Carri\u00e8re | MTL COOL\" \/>\n<meta property=\"og:description\" content=\"Un milieu amical Nous avons \u00e0 c\u0153ur d\u2019offrir un environnement de travail agr\u00e9able et sain pour nos employ\u00e9s. Vous d\u00e9couvrirez chez nous une ambiance chaleureuse et accueillante!\" \/>\n<meta property=\"og:url\" content=\"https:\/\/www.mtlcool.com\/fr\/carriere\/\" \/>\n<meta property=\"og:site_name\" content=\"MTL COOL by FENYX TECHNOLOGY SOLUTIONS INC.\" \/>\n<meta property=\"article:modified_time\" content=\"2018-04-03T15:41:05+00:00\" \/>\n<meta name=\"twitter:card\" content=\"summary_large_image\" \/>\n<meta name=\"twitter:label1\" content=\"Dur\u00e9e de lecture estim\u00e9e\" \/>\n\t<meta name=\"twitter:data1\" content=\"3 minutes\" \/>\n<script type=\"application\/ld+json\" class=\"yoast-schema-graph\">{\"@context\":\"https:\\\/\\\/schema.org\",\"@graph\":[{\"@type\":\"WebPage\",\"@id\":\"https:\\\/\\\/www.mtlcool.com\\\/fr\\\/carriere\\\/\",\"url\":\"https:\\\/\\\/www.mtlcool.com\\\/fr\\\/carriere\\\/\",\"name\":\"Section Carri\u00e8re | MTL COOL\",\"isPartOf\":{\"@id\":\"https:\\\/\\\/www.mtlcool.com\\\/fr\\\/#website\"},\"datePublished\":\"2018-02-14T18:24:23+00:00\",\"dateModified\":\"2018-04-03T15:41:05+00:00\",\"description\":\"Un milieu amical Nous avons \u00e0 c\u0153ur d\u2019offrir un environnement de travail agr\u00e9able et sain pour nos employ\u00e9s. Vous d\u00e9couvrirez chez nous une ambiance chaleureuse et accueillante!\",\"breadcrumb\":{\"@id\":\"https:\\\/\\\/www.mtlcool.com\\\/fr\\\/carriere\\\/#breadcrumb\"},\"inLanguage\":\"fr-FR\",\"potentialAction\":[{\"@type\":\"ReadAction\",\"target\":[\"https:\\\/\\\/www.mtlcool.com\\\/fr\\\/carriere\\\/\"]}]},{\"@type\":\"BreadcrumbList\",\"@id\":\"https:\\\/\\\/www.mtlcool.com\\\/fr\\\/carriere\\\/#breadcrumb\",\"itemListElement\":[{\"@type\":\"ListItem\",\"position\":1,\"name\":\"Accueil\",\"item\":\"https:\\\/\\\/www.mtlcool.com\\\/fr\\\/\"},{\"@type\":\"ListItem\",\"position\":2,\"name\":\"Carri\u00e8re\"}]},{\"@type\":\"WebSite\",\"@id\":\"https:\\\/\\\/www.mtlcool.com\\\/fr\\\/#website\",\"url\":\"https:\\\/\\\/www.mtlcool.com\\\/fr\\\/\",\"name\":\"MTL COOL by FENYX TECHNOLOGY SOLUTIONS INC.\",\"description\":\"\",\"potentialAction\":[{\"@type\":\"SearchAction\",\"target\":{\"@type\":\"EntryPoint\",\"urlTemplate\":\"https:\\\/\\\/www.mtlcool.com\\\/fr\\\/?s={search_term_string}\"},\"query-input\":{\"@type\":\"PropertyValueSpecification\",\"valueRequired\":true,\"valueName\":\"search_term_string\"}}],\"inLanguage\":\"fr-FR\"}]}<\/script>\n<!-- \/ Yoast SEO plugin. -->","yoast_head_json":{"title":"Section Carri\u00e8re | MTL COOL","description":"Un milieu amical Nous avons \u00e0 c\u0153ur d\u2019offrir un environnement de travail agr\u00e9able et sain pour nos employ\u00e9s. Vous d\u00e9couvrirez chez nous une ambiance chaleureuse et accueillante!","robots":{"index":"index","follow":"follow","max-snippet":"max-snippet:-1","max-image-preview":"max-image-preview:large","max-video-preview":"max-video-preview:-1"},"canonical":"https:\/\/www.mtlcool.com\/fr\/carriere\/","og_locale":"fr_FR","og_type":"article","og_title":"Section Carri\u00e8re | MTL COOL","og_description":"Un milieu amical Nous avons \u00e0 c\u0153ur d\u2019offrir un environnement de travail agr\u00e9able et sain pour nos employ\u00e9s. Vous d\u00e9couvrirez chez nous une ambiance chaleureuse et accueillante!","og_url":"https:\/\/www.mtlcool.com\/fr\/carriere\/","og_site_name":"MTL COOL by FENYX TECHNOLOGY SOLUTIONS INC.","article_modified_time":"2018-04-03T15:41:05+00:00","twitter_card":"summary_large_image","twitter_misc":{"Dur\u00e9e de lecture estim\u00e9e":"3 minutes"},"schema":{"@context":"https:\/\/schema.org","@graph":[{"@type":"WebPage","@id":"https:\/\/www.mtlcool.com\/fr\/carriere\/","url":"https:\/\/www.mtlcool.com\/fr\/carriere\/","name":"Section Carri\u00e8re | MTL COOL","isPartOf":{"@id":"https:\/\/www.mtlcool.com\/fr\/#website"},"datePublished":"2018-02-14T18:24:23+00:00","dateModified":"2018-04-03T15:41:05+00:00","description":"Un milieu amical Nous avons \u00e0 c\u0153ur d\u2019offrir un environnement de travail agr\u00e9able et sain pour nos employ\u00e9s. Vous d\u00e9couvrirez chez nous une ambiance chaleureuse et accueillante!","breadcrumb":{"@id":"https:\/\/www.mtlcool.com\/fr\/carriere\/#breadcrumb"},"inLanguage":"fr-FR","potentialAction":[{"@type":"ReadAction","target":["https:\/\/www.mtlcool.com\/fr\/carriere\/"]}]},{"@type":"BreadcrumbList","@id":"https:\/\/www.mtlcool.com\/fr\/carriere\/#breadcrumb","itemListElement":[{"@type":"ListItem","position":1,"name":"Accueil","item":"https:\/\/www.mtlcool.com\/fr\/"},{"@type":"ListItem","position":2,"name":"Carri\u00e8re"}]},{"@type":"WebSite","@id":"https:\/\/www.mtlcool.com\/fr\/#website","url":"https:\/\/www.mtlcool.com\/fr\/","name":"MTL COOL by FENYX TECHNOLOGY SOLUTIONS INC.","description":"","potentialAction":[{"@type":"SearchAction","target":{"@type":"EntryPoint","urlTemplate":"https:\/\/www.mtlcool.com\/fr\/?s={search_term_string}"},"query-input":{"@type":"PropertyValueSpecification","valueRequired":true,"valueName":"search_term_string"}}],"inLanguage":"fr-FR"}]}},"_links":{"self":[{"href":"https:\/\/www.mtlcool.com\/fr\/wp-json\/wp\/v2\/pages\/493","targetHints":{"allow":["GET"]}}],"collection":[{"href":"https:\/\/www.mtlcool.com\/fr\/wp-json\/wp\/v2\/pages"}],"about":[{"href":"https:\/\/www.mtlcool.com\/fr\/wp-json\/wp\/v2\/types\/page"}],"author":[{"embeddable":true,"href":"https:\/\/www.mtlcool.com\/fr\/wp-json\/wp\/v2\/users\/1"}],"replies":[{"embeddable":true,"href":"https:\/\/www.mtlcool.com\/fr\/wp-json\/wp\/v2\/comments?post=493"}],"version-history":[{"count":0,"href":"https:\/\/www.mtlcool.com\/fr\/wp-json\/wp\/v2\/pages\/493\/revisions"}],"wp:attachment":[{"href":"https:\/\/www.mtlcool.com\/fr\/wp-json\/wp\/v2\/media?parent=493"}],"curies":[{"name":"wp","href":"https:\/\/api.w.org\/{rel}","templated":true}]}}