{"id":469,"date":"2018-02-14T13:16:55","date_gmt":"2018-02-14T18:16:55","guid":{"rendered":"https:\/\/mtlcoolprod.wpengine.com\/?page_id=469"},"modified":"2024-03-14T11:51:59","modified_gmt":"2024-03-14T15:51:59","slug":"produits","status":"publish","type":"page","link":"https:\/\/www.mtlcool.com\/fr\/produits\/","title":{"rendered":"Produits"},"content":{"rendered":"\t\t<div class=\"et_pb_section et_pb_with_background et_section_regular breadcrumbs_section\">\n\t\t\t<div class=\" et_pb_row breadcrumbs_row\">\n\t\t\t\t<div class=\"et_pb_column et_pb_column_4_4 breadcrumbs_column\">\n\t\t\t\t\t<div class=\"et_pb_code et_pb_module breadcrumbs_module\">\n\t\t\t\t\t\t<span><span><a href=\"https:\/\/www.mtlcool.com\/fr\/\">Accueil<\/a><\/span><\/span>\t\t\t\t\t<\/div> <!-- .et_pb_code -->\n\t\t\t\t<\/div> <!-- .et_pb_column -->\n\t\t\t<\/div> <!-- .et_pb_row -->\n\t\t<\/div>\n\t\t<p>[et_pb_section fb_built=\u00a0\u00bb1&Prime; _builder_version=\u00a0\u00bb4.16&Prime; custom_padding=\u00a0\u00bb0px|||\u00a0\u00bb global_colors_info=\u00a0\u00bb{}\u00a0\u00bb][et_pb_row _builder_version=\u00a0\u00bb4.16&Prime; background_size=\u00a0\u00bbinitial\u00a0\u00bb background_position=\u00a0\u00bbtop_left\u00a0\u00bb background_repeat=\u00a0\u00bbrepeat\u00a0\u00bb global_colors_info=\u00a0\u00bb{}\u00a0\u00bb][et_pb_column type=\u00a0\u00bb4_4&Prime; _builder_version=\u00a0\u00bb4.16&Prime; custom_padding=\u00a0\u00bb|||\u00a0\u00bb global_colors_info=\u00a0\u00bb{}\u00a0\u00bb custom_padding__hover=\u00a0\u00bb|||\u00a0\u00bb][et_pb_text admin_label=\u00a0\u00bbLES VITRINES R\u00c9FRIG\u00c9R\u00c9ES MTL COOL\u00a0\u00bb _builder_version=\u00a0\u00bb4.16&Prime; text_orientation=\u00a0\u00bbcenter\u00a0\u00bb global_colors_info=\u00a0\u00bb{}\u00a0\u00bb]<\/p>\n<h1>LES PR\u00c9SENTOIRS R\u00c9FRIG\u00c9R\u00c9S <strong><span style=\"color: #00b8dc;\">MTL COOL<\/span><\/strong><\/h1>\n<p>[\/et_pb_text][\/et_pb_column][\/et_pb_row][\/et_pb_section][et_pb_section fb_built=\u00a0\u00bb1&Prime; _builder_version=\u00a0\u00bb4.23.1&Prime; background_color=\u00a0\u00bb#e2e2e2&Prime; custom_margin=\u00a0\u00bb||0px||false|false\u00a0\u00bb hover_enabled=\u00a0\u00bb0&Prime; global_colors_info=\u00a0\u00bb{}\u00a0\u00bb sticky_enabled=\u00a0\u00bb0&Prime;][et_pb_row _builder_version=\u00a0\u00bb4.16&Prime; max_width=\u00a0\u00bb1526px\u00a0\u00bb use_custom_width=\u00a0\u00bbon\u00a0\u00bb custom_width_px=\u00a0\u00bb1526px\u00a0\u00bb global_colors_info=\u00a0\u00bb{}\u00a0\u00bb][et_pb_column type=\u00a0\u00bb4_4&Prime; _builder_version=\u00a0\u00bb4.16&Prime; custom_padding=\u00a0\u00bb|||\u00a0\u00bb global_colors_info=\u00a0\u00bb{}\u00a0\u00bb custom_padding__hover=\u00a0\u00bb|||\u00a0\u00bb][et_pb_filterable_portfolio fullwidth=\u00a0\u00bboff\u00a0\u00bb posts_number=\u00a0\u00bb999&Prime; show_categories=\u00a0\u00bboff\u00a0\u00bb show_pagination=\u00a0\u00bboff\u00a0\u00bb zoom_icon_color=\u00a0\u00bb#00b8dc\u00a0\u00bb admin_label=\u00a0\u00bbProduits &#8211; Portfolio filtrable\u00a0\u00bb module_id=\u00a0\u00bbproducts-portfolio\u00a0\u00bb _builder_version=\u00a0\u00bb4.16&Prime; global_colors_info=\u00a0\u00bb{}\u00a0\u00bb][\/et_pb_filterable_portfolio][\/et_pb_column][\/et_pb_row][\/et_pb_section][et_pb_section fb_built=\u00a0\u00bb1&Prime; disabled_on=\u00a0\u00bboff|off|on\u00a0\u00bb _builder_version=\u00a0\u00bb4.16&Prime; background_color=\u00a0\u00bb#00b8dc\u00a0\u00bb global_colors_info=\u00a0\u00bb{}\u00a0\u00bb][et_pb_row _builder_version=\u00a0\u00bb4.16&Prime; background_size=\u00a0\u00bbinitial\u00a0\u00bb background_position=\u00a0\u00bbtop_left\u00a0\u00bb background_repeat=\u00a0\u00bbrepeat\u00a0\u00bb global_colors_info=\u00a0\u00bb{}\u00a0\u00bb][et_pb_column type=\u00a0\u00bb4_4&Prime; _builder_version=\u00a0\u00bb4.16&Prime; custom_padding=\u00a0\u00bb|||\u00a0\u00bb global_colors_info=\u00a0\u00bb{}\u00a0\u00bb custom_padding__hover=\u00a0\u00bb|||\u00a0\u00bb][et_pb_text admin_label=\u00a0\u00bbBESOIN D\u2019UN PR\u00c9SENTOIR SUR MESURE\u00a0\u00bb module_class=\u00a0\u00bbproducts-floating-cta\u00a0\u00bb _builder_version=\u00a0\u00bb4.16&Prime; text_line_height=\u00a0\u00bb1.3em\u00a0\u00bb text_orientation=\u00a0\u00bbcenter\u00a0\u00bb background_layout=\u00a0\u00bbdark\u00a0\u00bb global_colors_info=\u00a0\u00bb{}\u00a0\u00bb]<\/p>\n<p><a href=\"\/fr\/solutions-sur-mesure\/\"><strong>BESOIN D\u2019UN PR\u00c9SENTOIR SUR MESURE &gt;<\/strong><\/a><\/p>\n<p>[\/et_pb_text][\/et_pb_column][\/et_pb_row][\/et_pb_section]<\/p>\n","protected":false},"excerpt":{"rendered":"<p>LES PR\u00c9SENTOIRS R\u00c9FRIG\u00c9R\u00c9S MTL COOL BESOIN D\u2019UN PR\u00c9SENTOIR SUR MESURE &gt;<\/p>\n","protected":false},"author":1,"featured_media":0,"parent":0,"menu_order":41,"comment_status":"closed","ping_status":"closed","template":"","meta":{"_acf_changed":false,"_et_pb_use_builder":"on","_et_pb_old_content":"","_et_gb_content_width":"","_monsterinsights_skip_tracking":false,"_monsterinsights_sitenote_active":false,"_monsterinsights_sitenote_note":"","_monsterinsights_sitenote_category":0,"footnotes":""},"class_list":["post-469","page","type-page","status-publish","hentry"],"acf":[],"yoast_head":"<!-- This site is optimized with the Yoast SEO plugin v27.5 - https:\/\/yoast.com\/product\/yoast-seo-wordpress\/ -->\n<title>Produits | Pr\u00e9sentoirs r\u00e9frig\u00e9r\u00e9s | MTL COOL<\/title>\n<meta name=\"robots\" content=\"index, follow, max-snippet:-1, max-image-preview:large, max-video-preview:-1\" \/>\n<link rel=\"canonical\" href=\"https:\/\/www.mtlcool.com\/fr\/produits\/\" \/>\n<meta property=\"og:locale\" content=\"fr_FR\" \/>\n<meta property=\"og:type\" content=\"article\" \/>\n<meta property=\"og:title\" content=\"Produits | Pr\u00e9sentoirs r\u00e9frig\u00e9r\u00e9s | MTL COOL\" \/>\n<meta property=\"og:description\" content=\"LES PR\u00c9SENTOIRS R\u00c9FRIG\u00c9R\u00c9S MTL COOL BESOIN D\u2019UN PR\u00c9SENTOIR SUR MESURE &gt;\" \/>\n<meta property=\"og:url\" content=\"https:\/\/www.mtlcool.com\/fr\/produits\/\" \/>\n<meta property=\"og:site_name\" content=\"MTL COOL by FENYX TECHNOLOGY SOLUTIONS INC.\" \/>\n<meta property=\"article:modified_time\" content=\"2024-03-14T15:51:59+00:00\" \/>\n<meta name=\"twitter:card\" content=\"summary_large_image\" \/>\n<meta name=\"twitter:label1\" content=\"Dur\u00e9e de lecture estim\u00e9e\" \/>\n\t<meta name=\"twitter:data1\" content=\"1 minute\" \/>\n<script type=\"application\/ld+json\" class=\"yoast-schema-graph\">{\"@context\":\"https:\\\/\\\/schema.org\",\"@graph\":[{\"@type\":\"WebPage\",\"@id\":\"https:\\\/\\\/www.mtlcool.com\\\/fr\\\/produits\\\/\",\"url\":\"https:\\\/\\\/www.mtlcool.com\\\/fr\\\/produits\\\/\",\"name\":\"Produits | Pr\u00e9sentoirs r\u00e9frig\u00e9r\u00e9s | MTL COOL\",\"isPartOf\":{\"@id\":\"https:\\\/\\\/www.mtlcool.com\\\/fr\\\/#website\"},\"datePublished\":\"2018-02-14T18:16:55+00:00\",\"dateModified\":\"2024-03-14T15:51:59+00:00\",\"breadcrumb\":{\"@id\":\"https:\\\/\\\/www.mtlcool.com\\\/fr\\\/produits\\\/#breadcrumb\"},\"inLanguage\":\"fr-FR\",\"potentialAction\":[{\"@type\":\"ReadAction\",\"target\":[\"https:\\\/\\\/www.mtlcool.com\\\/fr\\\/produits\\\/\"]}]},{\"@type\":\"BreadcrumbList\",\"@id\":\"https:\\\/\\\/www.mtlcool.com\\\/fr\\\/produits\\\/#breadcrumb\",\"itemListElement\":[{\"@type\":\"ListItem\",\"position\":1,\"name\":\"Accueil\",\"item\":\"https:\\\/\\\/www.mtlcool.com\\\/fr\\\/\"},{\"@type\":\"ListItem\",\"position\":2,\"name\":\"Produits\"}]},{\"@type\":\"WebSite\",\"@id\":\"https:\\\/\\\/www.mtlcool.com\\\/fr\\\/#website\",\"url\":\"https:\\\/\\\/www.mtlcool.com\\\/fr\\\/\",\"name\":\"MTL COOL by FENYX TECHNOLOGY SOLUTIONS INC.\",\"description\":\"\",\"potentialAction\":[{\"@type\":\"SearchAction\",\"target\":{\"@type\":\"EntryPoint\",\"urlTemplate\":\"https:\\\/\\\/www.mtlcool.com\\\/fr\\\/?s={search_term_string}\"},\"query-input\":{\"@type\":\"PropertyValueSpecification\",\"valueRequired\":true,\"valueName\":\"search_term_string\"}}],\"inLanguage\":\"fr-FR\"}]}<\/script>\n<!-- \/ Yoast SEO plugin. -->","yoast_head_json":{"title":"Produits | Pr\u00e9sentoirs r\u00e9frig\u00e9r\u00e9s | MTL COOL","robots":{"index":"index","follow":"follow","max-snippet":"max-snippet:-1","max-image-preview":"max-image-preview:large","max-video-preview":"max-video-preview:-1"},"canonical":"https:\/\/www.mtlcool.com\/fr\/produits\/","og_locale":"fr_FR","og_type":"article","og_title":"Produits | Pr\u00e9sentoirs r\u00e9frig\u00e9r\u00e9s | MTL COOL","og_description":"LES PR\u00c9SENTOIRS R\u00c9FRIG\u00c9R\u00c9S MTL COOL BESOIN D\u2019UN PR\u00c9SENTOIR SUR MESURE &gt;","og_url":"https:\/\/www.mtlcool.com\/fr\/produits\/","og_site_name":"MTL COOL by FENYX TECHNOLOGY SOLUTIONS INC.","article_modified_time":"2024-03-14T15:51:59+00:00","twitter_card":"summary_large_image","twitter_misc":{"Dur\u00e9e de lecture estim\u00e9e":"1 minute"},"schema":{"@context":"https:\/\/schema.org","@graph":[{"@type":"WebPage","@id":"https:\/\/www.mtlcool.com\/fr\/produits\/","url":"https:\/\/www.mtlcool.com\/fr\/produits\/","name":"Produits | Pr\u00e9sentoirs r\u00e9frig\u00e9r\u00e9s | MTL COOL","isPartOf":{"@id":"https:\/\/www.mtlcool.com\/fr\/#website"},"datePublished":"2018-02-14T18:16:55+00:00","dateModified":"2024-03-14T15:51:59+00:00","breadcrumb":{"@id":"https:\/\/www.mtlcool.com\/fr\/produits\/#breadcrumb"},"inLanguage":"fr-FR","potentialAction":[{"@type":"ReadAction","target":["https:\/\/www.mtlcool.com\/fr\/produits\/"]}]},{"@type":"BreadcrumbList","@id":"https:\/\/www.mtlcool.com\/fr\/produits\/#breadcrumb","itemListElement":[{"@type":"ListItem","position":1,"name":"Accueil","item":"https:\/\/www.mtlcool.com\/fr\/"},{"@type":"ListItem","position":2,"name":"Produits"}]},{"@type":"WebSite","@id":"https:\/\/www.mtlcool.com\/fr\/#website","url":"https:\/\/www.mtlcool.com\/fr\/","name":"MTL COOL by FENYX TECHNOLOGY SOLUTIONS INC.","description":"","potentialAction":[{"@type":"SearchAction","target":{"@type":"EntryPoint","urlTemplate":"https:\/\/www.mtlcool.com\/fr\/?s={search_term_string}"},"query-input":{"@type":"PropertyValueSpecification","valueRequired":true,"valueName":"search_term_string"}}],"inLanguage":"fr-FR"}]}},"_links":{"self":[{"href":"https:\/\/www.mtlcool.com\/fr\/wp-json\/wp\/v2\/pages\/469","targetHints":{"allow":["GET"]}}],"collection":[{"href":"https:\/\/www.mtlcool.com\/fr\/wp-json\/wp\/v2\/pages"}],"about":[{"href":"https:\/\/www.mtlcool.com\/fr\/wp-json\/wp\/v2\/types\/page"}],"author":[{"embeddable":true,"href":"https:\/\/www.mtlcool.com\/fr\/wp-json\/wp\/v2\/users\/1"}],"replies":[{"embeddable":true,"href":"https:\/\/www.mtlcool.com\/fr\/wp-json\/wp\/v2\/comments?post=469"}],"version-history":[{"count":0,"href":"https:\/\/www.mtlcool.com\/fr\/wp-json\/wp\/v2\/pages\/469\/revisions"}],"wp:attachment":[{"href":"https:\/\/www.mtlcool.com\/fr\/wp-json\/wp\/v2\/media?parent=469"}],"curies":[{"name":"wp","href":"https:\/\/api.w.org\/{rel}","templated":true}]}}