{"id":468,"date":"2018-02-14T13:16:45","date_gmt":"2018-02-14T18:16:45","guid":{"rendered":"https:\/\/mtlcoolprod.wpengine.com\/?page_id=468"},"modified":"2018-04-16T08:27:30","modified_gmt":"2018-04-16T12:27:30","slug":"services-ajoutes","status":"publish","type":"page","link":"https:\/\/www.mtlcool.com\/fr\/services-ajoutes\/","title":{"rendered":"Services ajout\u00e9s"},"content":{"rendered":"\t\t<div class=\"et_pb_section et_pb_with_background et_section_regular breadcrumbs_section\">\n\t\t\t<div class=\" et_pb_row breadcrumbs_row\">\n\t\t\t\t<div class=\"et_pb_column et_pb_column_4_4 breadcrumbs_column\">\n\t\t\t\t\t<div class=\"et_pb_code et_pb_module breadcrumbs_module\">\n\t\t\t\t\t\t<span><span><a href=\"https:\/\/www.mtlcool.com\/fr\/\">Accueil<\/a><\/span><\/span>\t\t\t\t\t<\/div> <!-- .et_pb_code -->\n\t\t\t\t<\/div> <!-- .et_pb_column -->\n\t\t\t<\/div> <!-- .et_pb_row -->\n\t\t<\/div>\n\t\t<p>[et_pb_section fb_built=\u00a0\u00bb1&Prime; custom_padding_last_edited=\u00a0\u00bbon|phone\u00a0\u00bb _builder_version=\u00a0\u00bb3.0.101&Prime; background_image=\u00a0\u00bbhttps:\/\/www.mtlcool.com\/wp-content\/uploads\/2018\/02\/background-services-ajoutes.png\u00a0\u00bb custom_padding=\u00a0\u00bb250px||250px|\u00a0\u00bb custom_padding_tablet=\u00a0\u00bb200px||200px|\u00a0\u00bb custom_padding_phone=\u00a0\u00bb150px||150px|\u00a0\u00bb][et_pb_row _builder_version=\u00a0\u00bb3.0.47&Prime; background_size=\u00a0\u00bbinitial\u00a0\u00bb background_position=\u00a0\u00bbtop_left\u00a0\u00bb background_repeat=\u00a0\u00bbrepeat\u00a0\u00bb][et_pb_column type=\u00a0\u00bb4_4&Prime; _builder_version=\u00a0\u00bb3.0.47&Prime; parallax=\u00a0\u00bboff\u00a0\u00bb parallax_method=\u00a0\u00bbon\u00a0\u00bb][et_pb_text background_layout=\u00a0\u00bbdark\u00a0\u00bb admin_label=\u00a0\u00bbCONFIEZ-NOUS LA LOGISTIQUE!\u00a0\u00bb _builder_version=\u00a0\u00bb3.0.106&Prime; text_font_size_last_edited=\u00a0\u00bboff|desktop\u00a0\u00bb text_orientation=\u00a0\u00bbcenter\u00a0\u00bb]<\/p>\n<h1 class=\"large-headline\"><strong>CONFIEZ-NOUS<\/strong><br \/> <strong> LA LOGISTIQUE!<\/strong><\/h1>\n<p>[\/et_pb_text][\/et_pb_column][\/et_pb_row][\/et_pb_section][et_pb_section fb_built=\u00a0\u00bb1&Prime; _builder_version=\u00a0\u00bb3.0.47&Prime;][et_pb_row _builder_version=\u00a0\u00bb3.0.47&Prime; background_size=\u00a0\u00bbinitial\u00a0\u00bb background_position=\u00a0\u00bbtop_left\u00a0\u00bb background_repeat=\u00a0\u00bbrepeat\u00a0\u00bb][et_pb_column type=\u00a0\u00bb1_2&Prime; _builder_version=\u00a0\u00bb3.0.47&Prime; parallax=\u00a0\u00bboff\u00a0\u00bb parallax_method=\u00a0\u00bbon\u00a0\u00bb][et_pb_text admin_label=\u00a0\u00bbLIVRAISON PARTOUT EN AM\u00c9RIQUE DU NORD\u00a0\u00bb _builder_version=\u00a0\u00bb3.0.106&Prime;]<\/p>\n<h2><strong>LIVRAISON PARTOUT\u00a0<\/strong><strong>EN AM\u00c9RIQUE DU NORD<\/strong><\/h2>\n<p>Confiez-nous le transport de vos \u00e9quipements de r\u00e9frig\u00e9ration et nous les livrerons \u00e0 l\u2019endroit de votre choix, que ce soit un entrep\u00f4t, un centre de distribution ou directement chez les d\u00e9taillants. Il suffit de nous dire o\u00f9 aller!<\/p>\n<p>[\/et_pb_text][\/et_pb_column][et_pb_column type=\u00a0\u00bb1_2&Prime; _builder_version=\u00a0\u00bb3.0.47&Prime; parallax=\u00a0\u00bboff\u00a0\u00bb parallax_method=\u00a0\u00bbon\u00a0\u00bb][et_pb_image src=\u00a0\u00bbhttps:\/\/www.mtlcool.com\/wp-content\/uploads\/2018\/02\/service-ajoutes-livraison.png\u00a0\u00bb always_center_on_mobile=\u00a0\u00bboff\u00a0\u00bb disabled_on=\u00a0\u00bbon|on|off\u00a0\u00bb _builder_version=\u00a0\u00bb3.0.106&Prime;][\/et_pb_image][et_pb_image src=\u00a0\u00bbhttps:\/\/www.mtlcool.com\/wp-content\/uploads\/2018\/03\/service-ajoute-tablet-01.jpg\u00a0\u00bb always_center_on_mobile=\u00a0\u00bboff\u00a0\u00bb disabled_on=\u00a0\u00bboff|off|on\u00a0\u00bb admin_label=\u00a0\u00bbImage (tablet et mobile)\u00a0\u00bb _builder_version=\u00a0\u00bb3.0.106&Prime;][\/et_pb_image][\/et_pb_column][\/et_pb_row][et_pb_row _builder_version=\u00a0\u00bb3.0.47&Prime; background_size=\u00a0\u00bbinitial\u00a0\u00bb background_position=\u00a0\u00bbtop_left\u00a0\u00bb background_repeat=\u00a0\u00bbrepeat\u00a0\u00bb][et_pb_column type=\u00a0\u00bb1_2&Prime; _builder_version=\u00a0\u00bb3.0.47&Prime; parallax=\u00a0\u00bboff\u00a0\u00bb parallax_method=\u00a0\u00bbon\u00a0\u00bb][et_pb_image src=\u00a0\u00bbhttps:\/\/www.mtlcool.com\/wp-content\/uploads\/2018\/02\/service-ajoutes-maintenance.png\u00a0\u00bb always_center_on_mobile=\u00a0\u00bboff\u00a0\u00bb disabled_on=\u00a0\u00bbon|on|\u00a0\u00bb admin_label=\u00a0\u00bbImage (desktop)\u00a0\u00bb _builder_version=\u00a0\u00bb3.0.101&Prime;][\/et_pb_image][et_pb_text disabled_on=\u00a0\u00bb||on\u00a0\u00bb admin_label=\u00a0\u00bbINSTALLATION ET MAINTENANCE PR\u00c9VENTIVE (tablet et mobile)\u00a0\u00bb _builder_version=\u00a0\u00bb3.0.106&Prime;]<\/p>\n<h2><strong>INSTALLATION ET\u00a0<\/strong><strong> MAINTENANCE PR\u00c9VENTIVE<\/strong><\/h2>\n<p>Une fois que l&rsquo;unit\u00e9 est livr\u00e9e en magasin, nous offrons des services d&rsquo;installation optionnels, pour assurer que votre r\u00e9frig\u00e9rateur commercial est correctement connect\u00e9, en parfait \u00e9tat de fonctionnement et au bon endroit.\u00a0Gardez l\u2019esprit tranquille avec l&rsquo;un de nos programmes optionnels de maintenance pr\u00e9ventive.<\/p>\n<p>[\/et_pb_text][\/et_pb_column][et_pb_column type=\u00a0\u00bb1_2&Prime; _builder_version=\u00a0\u00bb3.0.47&Prime; parallax=\u00a0\u00bboff\u00a0\u00bb parallax_method=\u00a0\u00bbon\u00a0\u00bb][et_pb_image src=\u00a0\u00bbhttps:\/\/www.mtlcool.com\/wp-content\/uploads\/2018\/03\/service-ajoute-tablet-02.jpg\u00a0\u00bb always_center_on_mobile=\u00a0\u00bboff\u00a0\u00bb disabled_on=\u00a0\u00bb||on\u00a0\u00bb admin_label=\u00a0\u00bbImage (tablet et mobile)\u00a0\u00bb _builder_version=\u00a0\u00bb3.0.106&Prime;][\/et_pb_image][et_pb_text disabled_on=\u00a0\u00bbon|on|\u00a0\u00bb admin_label=\u00a0\u00bbINSTALLATION ET MAINTENANCE PR\u00c9VENTIVE\u00a0\u00bb _builder_version=\u00a0\u00bb3.0.106&Prime;]<\/p>\n<h2><strong>INSTALLATION ET\u00a0<\/strong><strong> MAINTENANCE PR\u00c9VENTIVE<\/strong><\/h2>\n<p>Une fois que l&rsquo;unit\u00e9 est livr\u00e9e en magasin, nous offrons des services d&rsquo;installation optionnels, pour assurer que votre r\u00e9frig\u00e9rateur commercial est correctement connect\u00e9, en parfait \u00e9tat de fonctionnement et au bon endroit.\u00a0Gardez l\u2019esprit tranquille avec l&rsquo;un de nos programmes optionnels de maintenance pr\u00e9ventive.<\/p>\n<p>[\/et_pb_text][\/et_pb_column][\/et_pb_row][et_pb_row _builder_version=\u00a0\u00bb3.0.101&Prime;][et_pb_column type=\u00a0\u00bb1_4&Prime; _builder_version=\u00a0\u00bb3.0.47&Prime; parallax=\u00a0\u00bboff\u00a0\u00bb parallax_method=\u00a0\u00bbon\u00a0\u00bb][et_pb_image src=\u00a0\u00bbhttps:\/\/www.mtlcool.com\/wp-content\/uploads\/2018\/02\/icon-people.svg\u00a0\u00bb align=\u00a0\u00bbcenter\u00a0\u00bb module_class=\u00a0\u00bbsync-1 ds-vertical-align\u00a0\u00bb _builder_version=\u00a0\u00bb3.0.101&Prime; max_width=\u00a0\u00bb114px\u00a0\u00bb][\/et_pb_image][et_pb_text admin_label=\u00a0\u00bbDes services offerts \u00e0 tous types de clients\u00a0\u00bb _builder_version=\u00a0\u00bb3.0.101&Prime; text_orientation=\u00a0\u00bbcenter\u00a0\u00bb]<\/p>\n<p>Des services offerts \u00e0 tous types de clients<\/p>\n<p>[\/et_pb_text][\/et_pb_column][et_pb_column type=\u00a0\u00bb1_4&Prime; _builder_version=\u00a0\u00bb3.0.47&Prime; parallax=\u00a0\u00bboff\u00a0\u00bb parallax_method=\u00a0\u00bbon\u00a0\u00bb][et_pb_image src=\u00a0\u00bbhttps:\/\/www.mtlcool.com\/wp-content\/uploads\/2018\/02\/icon-flexibility.svg\u00a0\u00bb align=\u00a0\u00bbcenter\u00a0\u00bb module_class=\u00a0\u00bbsync-1 ds-vertical-align\u00a0\u00bb _builder_version=\u00a0\u00bb3.0.101&Prime; max_width=\u00a0\u00bb95px\u00a0\u00bb][\/et_pb_image][et_pb_text admin_label=\u00a0\u00bbDes plans flexibles adapt\u00e9s \u00e0 vos besoins\u00a0\u00bb _builder_version=\u00a0\u00bb3.0.101&Prime; text_orientation=\u00a0\u00bbcenter\u00a0\u00bb]<\/p>\n<p>Des plans flexibles adapt\u00e9s \u00e0 vos besoins<\/p>\n<p>[\/et_pb_text][\/et_pb_column][et_pb_column type=\u00a0\u00bb1_4&Prime; _builder_version=\u00a0\u00bb3.0.47&Prime; parallax=\u00a0\u00bboff\u00a0\u00bb parallax_method=\u00a0\u00bbon\u00a0\u00bb][et_pb_image src=\u00a0\u00bbhttps:\/\/www.mtlcool.com\/wp-content\/uploads\/2018\/02\/icon-transport.svg\u00a0\u00bb align=\u00a0\u00bbcenter\u00a0\u00bb module_class=\u00a0\u00bbsync-1 ds-vertical-align\u00a0\u00bb _builder_version=\u00a0\u00bb3.0.101&Prime; max_width=\u00a0\u00bb105px\u00a0\u00bb][\/et_pb_image][et_pb_text admin_label=\u00a0\u00bbUn transport et une installation sans tracas\u00a0\u00bb _builder_version=\u00a0\u00bb3.0.101&Prime; text_orientation=\u00a0\u00bbcenter\u00a0\u00bb]<\/p>\n<p>Un transport et une installation sans tracas<\/p>\n<p>[\/et_pb_text][\/et_pb_column][et_pb_column type=\u00a0\u00bb1_4&Prime; _builder_version=\u00a0\u00bb3.0.47&Prime; parallax=\u00a0\u00bboff\u00a0\u00bb parallax_method=\u00a0\u00bbon\u00a0\u00bb][et_pb_image src=\u00a0\u00bbhttps:\/\/www.mtlcool.com\/wp-content\/uploads\/2018\/02\/icon-support.svg\u00a0\u00bb align=\u00a0\u00bbcenter\u00a0\u00bb module_class=\u00a0\u00bbsync-1 ds-vertical-align\u00a0\u00bb _builder_version=\u00a0\u00bb3.0.101&Prime; max_width=\u00a0\u00bb92px\u00a0\u00bb][\/et_pb_image][et_pb_text admin_label=\u00a0\u00bbUne \u00e9quipe d\u00e9di\u00e9e au succ\u00e8s de votre entreprise\u00a0\u00bb _builder_version=\u00a0\u00bb3.0.101&Prime; text_orientation=\u00a0\u00bbcenter\u00a0\u00bb]<\/p>\n<p>Une \u00e9quipe d\u00e9di\u00e9e au succ\u00e8s de votre entreprise<\/p>\n<p>[\/et_pb_text][\/et_pb_column][\/et_pb_row][et_pb_row _builder_version=\u00a0\u00bb3.0.47&Prime; background_size=\u00a0\u00bbinitial\u00a0\u00bb background_position=\u00a0\u00bbtop_left\u00a0\u00bb background_repeat=\u00a0\u00bbrepeat\u00a0\u00bb][et_pb_column type=\u00a0\u00bb1_2&Prime; _builder_version=\u00a0\u00bb3.0.47&Prime; parallax=\u00a0\u00bboff\u00a0\u00bb parallax_method=\u00a0\u00bbon\u00a0\u00bb][et_pb_text admin_label=\u00a0\u00bbDES SOLUTIONS FINANCI\u00c8RES ADAPT\u00c9ES \u00c0 VOS BESOINS\u00a0\u00bb _builder_version=\u00a0\u00bb3.0.106&Prime;]<\/p>\n<h2><strong>DES SOLUTIONS FINANCI\u00c8RES ADAPT\u00c9ES \u00c0 VOS BESOINS<\/strong><\/h2>\n<p>Se procurer de nouveaux \u00e9quipements de r\u00e9frig\u00e9ration peut repr\u00e9senter un investissement important pour votre entreprise. Nos solutions de financement faciliteront la gestion de vos achats en vous permettant d\u2019absorber le montant de votre acquisition en plusieurs paiements \u00e9gaux.<\/p>\n<p>Simples et accessibles, nos solutions de financement s\u2019ajustent aux besoins vari\u00e9s des entreprises. Obtenez rapidement une approbation avec notre service de financement!<\/p>\n<p>[\/et_pb_text][\/et_pb_column][et_pb_column type=\u00a0\u00bb1_2&Prime; _builder_version=\u00a0\u00bb3.0.47&Prime; parallax=\u00a0\u00bboff\u00a0\u00bb parallax_method=\u00a0\u00bbon\u00a0\u00bb][et_pb_image src=\u00a0\u00bbhttps:\/\/www.mtlcool.com\/wp-content\/uploads\/2018\/03\/istock-629203922.jpg\u00a0\u00bb always_center_on_mobile=\u00a0\u00bboff\u00a0\u00bb _builder_version=\u00a0\u00bb3.0.106&Prime;][\/et_pb_image][\/et_pb_column][\/et_pb_row][\/et_pb_section][et_pb_section fb_built=\u00a0\u00bb1&Prime; _builder_version=\u00a0\u00bb3.0.101&Prime; background_image=\u00a0\u00bbhttps:\/\/www.mtlcool.com\/wp-content\/uploads\/2018\/02\/motif-contact.jpg\u00a0\u00bb custom_margin=\u00a0\u00bb||40px|\u00a0\u00bb][et_pb_row _builder_version=\u00a0\u00bb3.0.47&Prime; background_size=\u00a0\u00bbinitial\u00a0\u00bb background_position=\u00a0\u00bbtop_left\u00a0\u00bb background_repeat=\u00a0\u00bbrepeat\u00a0\u00bb][et_pb_column type=\u00a0\u00bb4_4&Prime; _builder_version=\u00a0\u00bb3.0.47&Prime; parallax=\u00a0\u00bboff\u00a0\u00bb parallax_method=\u00a0\u00bbon\u00a0\u00bb][et_pb_text background_layout=\u00a0\u00bbdark\u00a0\u00bb admin_label=\u00a0\u00bbContactez-nous pour en savoir plus sur nos services cl\u00e9 en main et nos services compl\u00e9mentaires en graphisme et impression!\u00a0\u00bb _builder_version=\u00a0\u00bb3.0.106&Prime; text_font_size=\u00a0\u00bb29px\u00a0\u00bb text_line_height=\u00a0\u00bb1.3em\u00a0\u00bb text_orientation=\u00a0\u00bbcenter\u00a0\u00bb]<\/p>\n<p>Contactez-nous pour en savoir plus sur nos services cl\u00e9 en main et nos services compl\u00e9mentaires en graphisme et impression!<\/p>\n<p>[\/et_pb_text][et_pb_button button_url=\u00a0\u00bb\/fr\/contact\u00a0\u00bb button_text=\u00a0\u00bbNous joindre\u00a0\u00bb button_alignment=\u00a0\u00bbcenter\u00a0\u00bb admin_label=\u00a0\u00bbNous joindre\u00a0\u00bb _builder_version=\u00a0\u00bb3.0.106&Prime;][\/et_pb_button][\/et_pb_column][\/et_pb_row][\/et_pb_section]<\/p>\n","protected":false},"excerpt":{"rendered":"<p>CONFIEZ-NOUS LA LOGISTIQUE!LIVRAISON PARTOUT\u00a0EN AM\u00c9RIQUE DU NORD Confiez-nous le transport de vos \u00e9quipements de r\u00e9frig\u00e9ration et nous les livrerons \u00e0 l\u2019endroit de votre choix, que ce soit un entrep\u00f4t, un centre de distribution ou directement chez les d\u00e9taillants. Il suffit de nous dire o\u00f9 aller!INSTALLATION ET\u00a0 MAINTENANCE PR\u00c9VENTIVE Une fois que l&rsquo;unit\u00e9 est livr\u00e9e en [&hellip;]<\/p>\n","protected":false},"author":1,"featured_media":0,"parent":0,"menu_order":39,"comment_status":"closed","ping_status":"closed","template":"","meta":{"_acf_changed":false,"_et_pb_use_builder":"on","_et_pb_old_content":"","_et_gb_content_width":"","_monsterinsights_skip_tracking":false,"_monsterinsights_sitenote_active":false,"_monsterinsights_sitenote_note":"","_monsterinsights_sitenote_category":0,"footnotes":""},"class_list":["post-468","page","type-page","status-publish","hentry"],"acf":[],"yoast_head":"<!-- This site is optimized with the Yoast SEO plugin v27.3 - https:\/\/yoast.com\/product\/yoast-seo-wordpress\/ -->\n<title>Services ajout\u00e9s - MTL COOL by FENYX TECHNOLOGY SOLUTIONS INC.<\/title>\n<meta name=\"description\" content=\"MTL Cool offre \u00e0 tous ses clients un service cl\u00e9 en main pratique et s\u00e9curisant. Confiez-nous le transport de vos \u00e9quipements de r\u00e9frig\u00e9ration et nous les livrerons \u00e0 l\u2019endroit de votre choix, que ce soit un entrep\u00f4t, un centre de distribution ou directement chez les d\u00e9taillants. Il suffit de nous dire o\u00f9 aller!\" \/>\n<meta name=\"robots\" content=\"index, follow, max-snippet:-1, max-image-preview:large, max-video-preview:-1\" \/>\n<link rel=\"canonical\" href=\"https:\/\/www.mtlcool.com\/fr\/services-ajoutes\/\" \/>\n<meta property=\"og:locale\" content=\"fr_FR\" \/>\n<meta property=\"og:type\" content=\"article\" \/>\n<meta property=\"og:title\" content=\"Services ajout\u00e9s - MTL COOL by FENYX TECHNOLOGY SOLUTIONS INC.\" \/>\n<meta property=\"og:description\" content=\"MTL Cool offre \u00e0 tous ses clients un service cl\u00e9 en main pratique et s\u00e9curisant. Confiez-nous le transport de vos \u00e9quipements de r\u00e9frig\u00e9ration et nous les livrerons \u00e0 l\u2019endroit de votre choix, que ce soit un entrep\u00f4t, un centre de distribution ou directement chez les d\u00e9taillants. Il suffit de nous dire o\u00f9 aller!\" \/>\n<meta property=\"og:url\" content=\"https:\/\/www.mtlcool.com\/fr\/services-ajoutes\/\" \/>\n<meta property=\"og:site_name\" content=\"MTL COOL by FENYX TECHNOLOGY SOLUTIONS INC.\" \/>\n<meta property=\"article:modified_time\" content=\"2018-04-16T12:27:30+00:00\" \/>\n<meta name=\"twitter:card\" content=\"summary_large_image\" \/>\n<meta name=\"twitter:label1\" content=\"Dur\u00e9e de lecture estim\u00e9e\" \/>\n\t<meta name=\"twitter:data1\" content=\"6 minutes\" \/>\n<script type=\"application\/ld+json\" class=\"yoast-schema-graph\">{\"@context\":\"https:\\\/\\\/schema.org\",\"@graph\":[{\"@type\":\"WebPage\",\"@id\":\"https:\\\/\\\/www.mtlcool.com\\\/fr\\\/services-ajoutes\\\/\",\"url\":\"https:\\\/\\\/www.mtlcool.com\\\/fr\\\/services-ajoutes\\\/\",\"name\":\"Services ajout\u00e9s - MTL COOL by FENYX TECHNOLOGY SOLUTIONS INC.\",\"isPartOf\":{\"@id\":\"https:\\\/\\\/www.mtlcool.com\\\/fr\\\/#website\"},\"datePublished\":\"2018-02-14T18:16:45+00:00\",\"dateModified\":\"2018-04-16T12:27:30+00:00\",\"description\":\"MTL Cool offre \u00e0 tous ses clients un service cl\u00e9 en main pratique et s\u00e9curisant. Confiez-nous le transport de vos \u00e9quipements de r\u00e9frig\u00e9ration et nous les livrerons \u00e0 l\u2019endroit de votre choix, que ce soit un entrep\u00f4t, un centre de distribution ou directement chez les d\u00e9taillants. Il suffit de nous dire o\u00f9 aller!\",\"breadcrumb\":{\"@id\":\"https:\\\/\\\/www.mtlcool.com\\\/fr\\\/services-ajoutes\\\/#breadcrumb\"},\"inLanguage\":\"fr-FR\",\"potentialAction\":[{\"@type\":\"ReadAction\",\"target\":[\"https:\\\/\\\/www.mtlcool.com\\\/fr\\\/services-ajoutes\\\/\"]}]},{\"@type\":\"BreadcrumbList\",\"@id\":\"https:\\\/\\\/www.mtlcool.com\\\/fr\\\/services-ajoutes\\\/#breadcrumb\",\"itemListElement\":[{\"@type\":\"ListItem\",\"position\":1,\"name\":\"Accueil\",\"item\":\"https:\\\/\\\/www.mtlcool.com\\\/fr\\\/\"},{\"@type\":\"ListItem\",\"position\":2,\"name\":\"Services ajout\u00e9s\"}]},{\"@type\":\"WebSite\",\"@id\":\"https:\\\/\\\/www.mtlcool.com\\\/fr\\\/#website\",\"url\":\"https:\\\/\\\/www.mtlcool.com\\\/fr\\\/\",\"name\":\"MTL COOL by FENYX TECHNOLOGY SOLUTIONS INC.\",\"description\":\"\",\"potentialAction\":[{\"@type\":\"SearchAction\",\"target\":{\"@type\":\"EntryPoint\",\"urlTemplate\":\"https:\\\/\\\/www.mtlcool.com\\\/fr\\\/?s={search_term_string}\"},\"query-input\":{\"@type\":\"PropertyValueSpecification\",\"valueRequired\":true,\"valueName\":\"search_term_string\"}}],\"inLanguage\":\"fr-FR\"}]}<\/script>\n<!-- \/ Yoast SEO plugin. -->","yoast_head_json":{"title":"Services ajout\u00e9s - MTL COOL by FENYX TECHNOLOGY SOLUTIONS INC.","description":"MTL Cool offre \u00e0 tous ses clients un service cl\u00e9 en main pratique et s\u00e9curisant. Confiez-nous le transport de vos \u00e9quipements de r\u00e9frig\u00e9ration et nous les livrerons \u00e0 l\u2019endroit de votre choix, que ce soit un entrep\u00f4t, un centre de distribution ou directement chez les d\u00e9taillants. Il suffit de nous dire o\u00f9 aller!","robots":{"index":"index","follow":"follow","max-snippet":"max-snippet:-1","max-image-preview":"max-image-preview:large","max-video-preview":"max-video-preview:-1"},"canonical":"https:\/\/www.mtlcool.com\/fr\/services-ajoutes\/","og_locale":"fr_FR","og_type":"article","og_title":"Services ajout\u00e9s - MTL COOL by FENYX TECHNOLOGY SOLUTIONS INC.","og_description":"MTL Cool offre \u00e0 tous ses clients un service cl\u00e9 en main pratique et s\u00e9curisant. Confiez-nous le transport de vos \u00e9quipements de r\u00e9frig\u00e9ration et nous les livrerons \u00e0 l\u2019endroit de votre choix, que ce soit un entrep\u00f4t, un centre de distribution ou directement chez les d\u00e9taillants. Il suffit de nous dire o\u00f9 aller!","og_url":"https:\/\/www.mtlcool.com\/fr\/services-ajoutes\/","og_site_name":"MTL COOL by FENYX TECHNOLOGY SOLUTIONS INC.","article_modified_time":"2018-04-16T12:27:30+00:00","twitter_card":"summary_large_image","twitter_misc":{"Dur\u00e9e de lecture estim\u00e9e":"6 minutes"},"schema":{"@context":"https:\/\/schema.org","@graph":[{"@type":"WebPage","@id":"https:\/\/www.mtlcool.com\/fr\/services-ajoutes\/","url":"https:\/\/www.mtlcool.com\/fr\/services-ajoutes\/","name":"Services ajout\u00e9s - MTL COOL by FENYX TECHNOLOGY SOLUTIONS INC.","isPartOf":{"@id":"https:\/\/www.mtlcool.com\/fr\/#website"},"datePublished":"2018-02-14T18:16:45+00:00","dateModified":"2018-04-16T12:27:30+00:00","description":"MTL Cool offre \u00e0 tous ses clients un service cl\u00e9 en main pratique et s\u00e9curisant. Confiez-nous le transport de vos \u00e9quipements de r\u00e9frig\u00e9ration et nous les livrerons \u00e0 l\u2019endroit de votre choix, que ce soit un entrep\u00f4t, un centre de distribution ou directement chez les d\u00e9taillants. Il suffit de nous dire o\u00f9 aller!","breadcrumb":{"@id":"https:\/\/www.mtlcool.com\/fr\/services-ajoutes\/#breadcrumb"},"inLanguage":"fr-FR","potentialAction":[{"@type":"ReadAction","target":["https:\/\/www.mtlcool.com\/fr\/services-ajoutes\/"]}]},{"@type":"BreadcrumbList","@id":"https:\/\/www.mtlcool.com\/fr\/services-ajoutes\/#breadcrumb","itemListElement":[{"@type":"ListItem","position":1,"name":"Accueil","item":"https:\/\/www.mtlcool.com\/fr\/"},{"@type":"ListItem","position":2,"name":"Services ajout\u00e9s"}]},{"@type":"WebSite","@id":"https:\/\/www.mtlcool.com\/fr\/#website","url":"https:\/\/www.mtlcool.com\/fr\/","name":"MTL COOL by FENYX TECHNOLOGY SOLUTIONS INC.","description":"","potentialAction":[{"@type":"SearchAction","target":{"@type":"EntryPoint","urlTemplate":"https:\/\/www.mtlcool.com\/fr\/?s={search_term_string}"},"query-input":{"@type":"PropertyValueSpecification","valueRequired":true,"valueName":"search_term_string"}}],"inLanguage":"fr-FR"}]}},"_links":{"self":[{"href":"https:\/\/www.mtlcool.com\/fr\/wp-json\/wp\/v2\/pages\/468","targetHints":{"allow":["GET"]}}],"collection":[{"href":"https:\/\/www.mtlcool.com\/fr\/wp-json\/wp\/v2\/pages"}],"about":[{"href":"https:\/\/www.mtlcool.com\/fr\/wp-json\/wp\/v2\/types\/page"}],"author":[{"embeddable":true,"href":"https:\/\/www.mtlcool.com\/fr\/wp-json\/wp\/v2\/users\/1"}],"replies":[{"embeddable":true,"href":"https:\/\/www.mtlcool.com\/fr\/wp-json\/wp\/v2\/comments?post=468"}],"version-history":[{"count":0,"href":"https:\/\/www.mtlcool.com\/fr\/wp-json\/wp\/v2\/pages\/468\/revisions"}],"wp:attachment":[{"href":"https:\/\/www.mtlcool.com\/fr\/wp-json\/wp\/v2\/media?parent=468"}],"curies":[{"name":"wp","href":"https:\/\/api.w.org\/{rel}","templated":true}]}}