{"id":466,"date":"2018-02-14T13:16:20","date_gmt":"2018-02-14T18:16:20","guid":{"rendered":"https:\/\/mtlcoolprod.wpengine.com\/?page_id=466"},"modified":"2018-04-11T10:02:12","modified_gmt":"2018-04-11T14:02:12","slug":"refrigeration-commercial-sur-mesure","status":"publish","type":"page","link":"https:\/\/www.mtlcool.com\/fr\/refrigeration-commercial-sur-mesure\/","title":{"rendered":"Marque nationale"},"content":{"rendered":"\t\t<div class=\"et_pb_section et_pb_with_background et_section_regular breadcrumbs_section\">\n\t\t\t<div class=\" et_pb_row breadcrumbs_row\">\n\t\t\t\t<div class=\"et_pb_column et_pb_column_4_4 breadcrumbs_column\">\n\t\t\t\t\t<div class=\"et_pb_code et_pb_module breadcrumbs_module\">\n\t\t\t\t\t\t<span><span><a href=\"https:\/\/www.mtlcool.com\/fr\/\">Accueil<\/a><\/span><\/span>\t\t\t\t\t<\/div> <!-- .et_pb_code -->\n\t\t\t\t<\/div> <!-- .et_pb_column -->\n\t\t\t<\/div> <!-- .et_pb_row -->\n\t\t<\/div>\n\t\t<p>[et_pb_section bb_built=\u00a0\u00bb1&Prime; _builder_version=\u00a0\u00bb3.0.101&Prime; custom_padding=\u00a0\u00bb0px|||\u00a0\u00bb next_background_color=\u00a0\u00bb#000000&Prime;][et_pb_row _builder_version=\u00a0\u00bb3.0.47&Prime; background_size=\u00a0\u00bbinitial\u00a0\u00bb background_position=\u00a0\u00bbtop_left\u00a0\u00bb background_repeat=\u00a0\u00bbrepeat\u00a0\u00bb][et_pb_column type=\u00a0\u00bb4_4&Prime;][et_pb_text admin_label=\u00a0\u00bbNOS VITRINES R\u00c9FRIG\u00c9R\u00c9ES SUR MESURE : DISTINCTION ET FIABILIT\u00c9\u00a0\u00bb _builder_version=\u00a0\u00bb3.0.106&Prime; text_font_size=\u00a0\u00bb35px\u00a0\u00bb text_font_size_tablet=\u00a0\u00bb24px\u00a0\u00bb text_font_size_phone=\u00a0\u00bb18px\u00a0\u00bb text_font_size_last_edited=\u00a0\u00bbon|phone\u00a0\u00bb text_line_height=\u00a0\u00bb1.2em\u00a0\u00bb text_orientation=\u00a0\u00bbcenter\u00a0\u00bb background_layout=\u00a0\u00bblight\u00a0\u00bb]<\/p>\n<h1>NOS PR\u00c9SENTOIRS R\u00c9FRIG\u00c9R\u00c9S SUR MESURE :<br \/>\n <strong><span style=\"color: #9edb2b;\">DISTINCTION ET FIABILIT\u00c9<\/span><\/strong><\/h1>\n<p>Mettez votre marque en valeur et b\u00e9n\u00e9ficiez de la tranquillit\u00e9 d\u2019esprit avec nos pr\u00e9sentoirs sur mesure et nos plans de maintenance pr\u00e9ventive.<\/p>\n<p>[\/et_pb_text][\/et_pb_column][\/et_pb_row][\/et_pb_section][et_pb_section bb_built=\u00a0\u00bb1&Prime; custom_padding_last_edited=\u00a0\u00bbon|desktop\u00a0\u00bb _builder_version=\u00a0\u00bb3.0.106&Prime; background_image=\u00a0\u00bbhttps:\/\/www.mtlcool.com\/wp-content\/uploads\/2018\/03\/national-brand-featured-image.jpg\u00a0\u00bb custom_padding=\u00a0\u00bb344px||456px|\u00a0\u00bb custom_padding_tablet=\u00a0\u00bb200px||200px|\u00a0\u00bb custom_padding_phone=\u00a0\u00bb150px||150px|\u00a0\u00bb prev_background_color=\u00a0\u00bb#000000&Prime; next_background_color=\u00a0\u00bb#000000&Prime;][et_pb_row _builder_version=\u00a0\u00bb3.0.106&Prime;][et_pb_column type=\u00a0\u00bb4_4&Prime;][et_pb_text admin_label=\u00a0\u00bbSORTIR DU LOT AVEC BRIO\u00a0\u00bb background_layout=\u00a0\u00bbdark\u00a0\u00bb _builder_version=\u00a0\u00bb3.0.106&Prime; text_font_size=\u00a0\u00bb90px\u00a0\u00bb text_font_size_tablet=\u00a0\u00bb48px\u00a0\u00bb text_font_size_phone=\u00a0\u00bb36px\u00a0\u00bb text_font_size_last_edited=\u00a0\u00bbon|tablet\u00a0\u00bb text_line_height=\u00a0\u00bb1.2em\u00a0\u00bb text_orientation=\u00a0\u00bbcenter\u00a0\u00bb]<\/p>\n<p><strong>SORTIR DU LOT<\/strong><br \/>\n <b>AVEC BRIO<\/b><\/p>\n<p>[\/et_pb_text][\/et_pb_column][\/et_pb_row][\/et_pb_section][et_pb_section bb_built=\u00a0\u00bb1&Prime; disabled_on=\u00a0\u00bboff|off|off\u00a0\u00bb _builder_version=\u00a0\u00bb3.0.47&Prime; prev_background_color=\u00a0\u00bb#000000&Prime; next_background_color=\u00a0\u00bb#000000&Prime;][et_pb_row make_fullwidth=\u00a0\u00bbon\u00a0\u00bb use_custom_gutter=\u00a0\u00bbon\u00a0\u00bb gutter_width=\u00a0\u00bb4&Prime; _builder_version=\u00a0\u00bb3.0.101&Prime;][et_pb_column type=\u00a0\u00bb1_2&Prime;][et_pb_text _builder_version=\u00a0\u00bb3.0.106&Prime; text_font=\u00a0\u00bb|300|||||||\u00a0\u00bb text_font_size=\u00a0\u00bb25px\u00a0\u00bb text_font_size_phone=\u00a0\u00bb18px\u00a0\u00bb text_font_size_last_edited=\u00a0\u00bbon|phone\u00a0\u00bb text_line_height=\u00a0\u00bb1.3em\u00a0\u00bb max_width=\u00a0\u00bb740px\u00a0\u00bb]<\/p>\n<p>Chez MTL Cool, nous concevons des pr\u00e9sentoirs r\u00e9frig\u00e9r\u00e9s sur mesure qui vous permettent de personnaliser votre offre chez les d\u00e9taillants. Un pr\u00e9sentoir adapt\u00e9 \u00e0 vos besoins et attrayante est la cl\u00e9 pour promouvoir votre image de marque!<\/p>\n<p>[\/et_pb_text][\/et_pb_column][et_pb_column type=\u00a0\u00bb1_2&Prime;][et_pb_text _builder_version=\u00a0\u00bb3.0.106&Prime;]<\/p>\n<ul>\n<li><span style=\"color: #0096d6;\">Distinction<\/span><\/li>\n<li><span style=\"color: #0096d6;\">Fonctionnalit\u00e9<\/span><\/li>\n<li><span style=\"color: #0096d6;\">Personnalisation<\/span><\/li>\n<\/ul>\n<p>[\/et_pb_text][\/et_pb_column][\/et_pb_row][\/et_pb_section][et_pb_section bb_built=\u00a0\u00bb1&Prime; disabled_on=\u00a0\u00bboff|off|off\u00a0\u00bb _builder_version=\u00a0\u00bb3.0.106&Prime; background_image=\u00a0\u00bbhttps:\/\/www.mtlcool.com\/wp-content\/uploads\/2018\/02\/motif-contact.jpg\u00a0\u00bb custom_padding=\u00a0\u00bb0px||0px|\u00a0\u00bb prev_background_color=\u00a0\u00bb#000000&Prime; next_background_color=\u00a0\u00bb#000000&Prime;][et_pb_row make_fullwidth=\u00a0\u00bbon\u00a0\u00bb use_custom_gutter=\u00a0\u00bbon\u00a0\u00bb gutter_width=\u00a0\u00bb1&Prime; custom_padding=\u00a0\u00bb0px||0px|\u00a0\u00bb make_equal=\u00a0\u00bbon\u00a0\u00bb bg_img_1=\u00a0\u00bbhttps:\/\/www.mtlcool.com\/wp-content\/uploads\/2018\/03\/dsc-6247.jpg\u00a0\u00bb padding_top_2=\u00a0\u00bb125px\u00a0\u00bb padding_right_2=\u00a0\u00bb60px\u00a0\u00bb padding_bottom_2=\u00a0\u00bb125px\u00a0\u00bb padding_left_2=\u00a0\u00bb60px\u00a0\u00bb padding_top_3=\u00a0\u00bb125px\u00a0\u00bb padding_right_3=\u00a0\u00bb60px\u00a0\u00bb padding_bottom_3=\u00a0\u00bb125px\u00a0\u00bb padding_left_3=\u00a0\u00bb60px\u00a0\u00bb padding_2_tablet=\u00a0\u00bb60px|60px|0px|60px\u00a0\u00bb padding_3_tablet=\u00a0\u00bb60px|60px|60px|60px\u00a0\u00bb padding_2_phone=\u00a0\u00bb30px|60px|0px|60px\u00a0\u00bb padding_3_phone=\u00a0\u00bb30px|60px|30px|60px\u00a0\u00bb padding_2_last_edited=\u00a0\u00bbon|tablet\u00a0\u00bb padding_3_last_edited=\u00a0\u00bbon|phone\u00a0\u00bb module_class=\u00a0\u00bbcolumns-divider-light\u00a0\u00bb _builder_version=\u00a0\u00bb3.0.106&Prime;][et_pb_column type=\u00a0\u00bb1_3&Prime;][et_pb_divider height=\u00a0\u00bb300px\u00a0\u00bb disabled_on=\u00a0\u00bbon|on|\u00a0\u00bb _builder_version=\u00a0\u00bb3.0.101&Prime; \/][et_pb_image admin_label=\u00a0\u00bbImage (tablette et mobile)\u00a0\u00bb src=\u00a0\u00bbhttps:\/\/www.mtlcool.com\/wp-content\/uploads\/2018\/03\/dsc-6247.jpg\u00a0\u00bb disabled_on=\u00a0\u00bb||on\u00a0\u00bb _builder_version=\u00a0\u00bb3.0.106&Prime; \/][\/et_pb_column][et_pb_column type=\u00a0\u00bb1_3&Prime;][et_pb_text admin_label=\u00a0\u00bbUN PLAN DE MAINTENANCE BIEN PENS\u00c9\u00a0\u00bb background_layout=\u00a0\u00bbdark\u00a0\u00bb _builder_version=\u00a0\u00bb3.0.106&Prime; text_orientation=\u00a0\u00bbcenter\u00a0\u00bb]<\/p>\n<h2><strong>UN PLAN DE MAINTENANCE<br \/>\n BIEN PENS\u00c9<\/strong><\/h2>\n<p>\u00c9vitez les surprises et les soucis m\u00e9caniques avec un plan d\u2019entretien qui pr\u00e9vient les d\u00e9faillances. Vos d\u00e9taillants appr\u00e9cieront la tranquillit\u00e9 d\u2019esprit que leur procure notre service technique.<\/p>\n<p>[\/et_pb_text][\/et_pb_column][et_pb_column type=\u00a0\u00bb1_3&Prime;][et_pb_text admin_label=\u00a0\u00bbListe\u00a0\u00bb background_layout=\u00a0\u00bbdark\u00a0\u00bb _builder_version=\u00a0\u00bb3.0.106&Prime;]<\/p>\n<ul>\n<li>Pr\u00e9vention<\/li>\n<li>Maintenance<\/li>\n<li>R\u00e9paration<\/li>\n<\/ul>\n<p>[\/et_pb_text][\/et_pb_column][\/et_pb_row][\/et_pb_section][et_pb_section bb_built=\u00a0\u00bb1&Prime; _builder_version=\u00a0\u00bb3.0.101&Prime; prev_background_color=\u00a0\u00bb#000000&Prime; next_background_color=\u00a0\u00bb#000000&Prime;][et_pb_row _builder_version=\u00a0\u00bb3.0.47&Prime; background_size=\u00a0\u00bbinitial\u00a0\u00bb background_position=\u00a0\u00bbtop_left\u00a0\u00bb background_repeat=\u00a0\u00bbrepeat\u00a0\u00bb][et_pb_column type=\u00a0\u00bb1_2&Prime;][et_pb_image admin_label=\u00a0\u00bbIcon &#8211; MTL COOL EN ACTION!\u00a0\u00bb src=\u00a0\u00bbhttps:\/\/www.mtlcool.com\/wp-content\/uploads\/2018\/02\/icon-action.svg\u00a0\u00bb align=\u00a0\u00bbcenter\u00a0\u00bb _builder_version=\u00a0\u00bb3.0.106&Prime; max_width=\u00a0\u00bb84px\u00a0\u00bb \/][et_pb_text admin_label=\u00a0\u00bbMTL COOL EN ACTION!\u00a0\u00bb _builder_version=\u00a0\u00bb3.0.106&Prime; text_orientation=\u00a0\u00bbcenter\u00a0\u00bb]<\/p>\n<h3>MTL COOL EN ACTION!<\/h3>\n<p>D\u00e9couvrez la diff\u00e9rence que vous faisons pour des marques comme la v\u00f4tre.<\/p>\n<p>[\/et_pb_text][et_pb_button admin_label=\u00a0\u00bbVoyez nos \u00e9tudes de cas\u00a0\u00bb button_url=\u00a0\u00bb\/fr\/etude-de-cas\/\u00a0\u00bb button_text=\u00a0\u00bbVoyez nos \u00e9tudes de cas\u00a0\u00bb button_alignment=\u00a0\u00bbcenter\u00a0\u00bb module_class=\u00a0\u00bbbutton-hover-border\u00a0\u00bb _builder_version=\u00a0\u00bb3.0.106&Prime; url_new_window=\u00a0\u00bboff\u00a0\u00bb background_layout=\u00a0\u00bblight\u00a0\u00bb custom_button=\u00a0\u00bboff\u00a0\u00bb button_icon_placement=\u00a0\u00bbright\u00a0\u00bb \/][\/et_pb_column][et_pb_column type=\u00a0\u00bb1_2&Prime;][et_pb_image admin_label=\u00a0\u00bbIcon &#8211; BESOIN DE FINANCEMENT\u00a0\u00bb src=\u00a0\u00bbhttps:\/\/www.mtlcool.com\/wp-content\/uploads\/2018\/02\/icon-financement.svg\u00a0\u00bb align=\u00a0\u00bbcenter\u00a0\u00bb _builder_version=\u00a0\u00bb3.0.106&Prime; max_width=\u00a0\u00bb83px\u00a0\u00bb \/][et_pb_text admin_label=\u00a0\u00bbBESOIN DE FINANCEMENT?\u00a0\u00bb _builder_version=\u00a0\u00bb3.0.106&Prime; text_orientation=\u00a0\u00bbcenter\u00a0\u00bb]<\/p>\n<h3>BESOIN DE FINANCEMENT?<\/h3>\n<p>Nous offrons des solutions de financement flexibles et avantageuses.<\/p>\n<p>[\/et_pb_text][et_pb_button admin_label=\u00a0\u00bbConsultez les d\u00e9tails\u00a0\u00bb button_url=\u00a0\u00bb\/fr\/services-ajoutes\/\u00a0\u00bb button_text=\u00a0\u00bbConsultez les d\u00e9tails\u00a0\u00bb button_alignment=\u00a0\u00bbcenter\u00a0\u00bb module_class=\u00a0\u00bbbutton-hover-border\u00a0\u00bb _builder_version=\u00a0\u00bb3.0.106&Prime; url_new_window=\u00a0\u00bboff\u00a0\u00bb background_layout=\u00a0\u00bblight\u00a0\u00bb custom_button=\u00a0\u00bboff\u00a0\u00bb button_icon_placement=\u00a0\u00bbright\u00a0\u00bb \/][\/et_pb_column][\/et_pb_row][\/et_pb_section][et_pb_section bb_built=\u00a0\u00bb1&Prime; _builder_version=\u00a0\u00bb3.0.106&Prime; background_image=\u00a0\u00bbhttps:\/\/www.mtlcool.com\/wp-content\/uploads\/2018\/04\/background-motif-green.png\u00a0\u00bb custom_margin=\u00a0\u00bb||40px|\u00a0\u00bb prev_background_color=\u00a0\u00bb#000000&Prime; next_background_color=\u00a0\u00bb#000000&Prime;][et_pb_row _builder_version=\u00a0\u00bb3.0.47&Prime; background_size=\u00a0\u00bbinitial\u00a0\u00bb background_position=\u00a0\u00bbtop_left\u00a0\u00bb background_repeat=\u00a0\u00bbrepeat\u00a0\u00bb][et_pb_column type=\u00a0\u00bb4_4&Prime;][et_pb_text admin_label=\u00a0\u00bbVitrines r\u00e9frig\u00e9r\u00e9es sur mesure\u00a0\u00bb background_layout=\u00a0\u00bbdark\u00a0\u00bb _builder_version=\u00a0\u00bb3.0.106&Prime; text_font_size=\u00a0\u00bb23px\u00a0\u00bb text_line_height=\u00a0\u00bb1.5em\u00a0\u00bb text_orientation=\u00a0\u00bbcenter\u00a0\u00bb]<\/p>\n<h2><strong>Pr\u00e9sentoirs r\u00e9frig\u00e9r\u00e9s sur mesure<\/strong><\/h2>\n<p>Vous avez un besoin pr\u00e9cis qui n\u00e9cessite une conception personnalis\u00e9e? Notre \u00e9quipe dessine et fabrique pour vous un produit innovateur, selon vos sp\u00e9cifications.<\/p>\n<p>[\/et_pb_text][et_pb_button admin_label=\u00a0\u00bbD\u00e9couvrez notre d\u00e9marche\u00a0\u00bb button_url=\u00a0\u00bb\/fr\/solutions-sur-mesure\/\u00a0\u00bb button_text=\u00a0\u00bbD\u00e9couvrez notre d\u00e9marche\u00a0\u00bb button_alignment=\u00a0\u00bbcenter\u00a0\u00bb background_layout=\u00a0\u00bbdark\u00a0\u00bb _builder_version=\u00a0\u00bb3.0.106&Prime; url_new_window=\u00a0\u00bboff\u00a0\u00bb custom_button=\u00a0\u00bboff\u00a0\u00bb button_icon_placement=\u00a0\u00bbright\u00a0\u00bb \/][\/et_pb_column][\/et_pb_row][\/et_pb_section][et_pb_section bb_built=\u00a0\u00bb1&Prime; _builder_version=\u00a0\u00bb3.0.47&Prime; prev_background_color=\u00a0\u00bb#000000&Prime;][et_pb_row custom_padding=\u00a0\u00bb||0px|\u00a0\u00bb _builder_version=\u00a0\u00bb3.0.101&Prime;][et_pb_column type=\u00a0\u00bb4_4&Prime;][et_pb_text admin_label=\u00a0\u00bbMEILLEURS VENDEURS\u00a0\u00bb _builder_version=\u00a0\u00bb3.0.106&Prime; text_orientation=\u00a0\u00bbcenter\u00a0\u00bb]<\/p>\n<h2><strong>MEILLEURS VENDEURS<\/strong><\/h2>\n<p>[\/et_pb_text][\/et_pb_column][\/et_pb_row][et_pb_row make_fullwidth=\u00a0\u00bbon\u00a0\u00bb custom_padding=\u00a0\u00bb||0px|\u00a0\u00bb module_class=\u00a0\u00bbother-products\u00a0\u00bb _builder_version=\u00a0\u00bb3.0.101&Prime;][et_pb_column type=\u00a0\u00bb1_3&Prime;][et_pb_image src=\u00a0\u00bbhttps:\/\/www.mtlcool.com\/wp-content\/uploads\/2018\/03\/oasis-1.png\u00a0\u00bb url=\u00a0\u00bb\/fr\/produit\/oasis-series\/\u00a0\u00bb _builder_version=\u00a0\u00bb3.0.106&Prime; show_in_lightbox=\u00a0\u00bboff\u00a0\u00bb url_new_window=\u00a0\u00bboff\u00a0\u00bb use_overlay=\u00a0\u00bboff\u00a0\u00bb always_center_on_mobile=\u00a0\u00bbon\u00a0\u00bb force_fullwidth=\u00a0\u00bboff\u00a0\u00bb show_bottom_space=\u00a0\u00bbon\u00a0\u00bb \/][et_pb_text admin_label=\u00a0\u00bbOASIS\u00a0\u00bb background_layout=\u00a0\u00bbdark\u00a0\u00bb _builder_version=\u00a0\u00bb3.0.106&Prime;]<\/p>\n<h4 style=\"color: #00b8dc;\">OASIS<\/h4>\n<p>[\/et_pb_text][\/et_pb_column][et_pb_column type=\u00a0\u00bb1_3&Prime;][et_pb_image src=\u00a0\u00bbhttps:\/\/www.mtlcool.com\/wp-content\/uploads\/2018\/03\/alpine-hc-lp-300-1.png\u00a0\u00bb url=\u00a0\u00bb\/fr\/produit\/alpine-hc-lp-300\/\u00a0\u00bb _builder_version=\u00a0\u00bb3.0.106&Prime; show_in_lightbox=\u00a0\u00bboff\u00a0\u00bb url_new_window=\u00a0\u00bboff\u00a0\u00bb use_overlay=\u00a0\u00bboff\u00a0\u00bb always_center_on_mobile=\u00a0\u00bbon\u00a0\u00bb force_fullwidth=\u00a0\u00bboff\u00a0\u00bb show_bottom_space=\u00a0\u00bbon\u00a0\u00bb \/][et_pb_text admin_label=\u00a0\u00bbALPINE-HC-LP-300&Prime; background_layout=\u00a0\u00bbdark\u00a0\u00bb _builder_version=\u00a0\u00bb3.0.106&Prime;]<\/p>\n<h4 style=\"color: #00b8dc;\">ALPINE-HC-LP-300<\/h4>\n<p>[\/et_pb_text][\/et_pb_column][et_pb_column type=\u00a0\u00bb1_3&Prime;][et_pb_image src=\u00a0\u00bbhttps:\/\/www.mtlcool.com\/wp-content\/uploads\/2018\/03\/g-air-1-e1522674596411.png\u00a0\u00bb url=\u00a0\u00bb\/fr\/produit\/g-air\/\u00a0\u00bb _builder_version=\u00a0\u00bb3.0.106&Prime; show_in_lightbox=\u00a0\u00bboff\u00a0\u00bb url_new_window=\u00a0\u00bboff\u00a0\u00bb use_overlay=\u00a0\u00bboff\u00a0\u00bb always_center_on_mobile=\u00a0\u00bbon\u00a0\u00bb force_fullwidth=\u00a0\u00bboff\u00a0\u00bb show_bottom_space=\u00a0\u00bbon\u00a0\u00bb \/][et_pb_text admin_label=\u00a0\u00bbG-AIR\u00a0\u00bb background_layout=\u00a0\u00bbdark\u00a0\u00bb _builder_version=\u00a0\u00bb3.0.106&Prime;]<\/p>\n<h4 style=\"color: #00b8dc;\">G-AIR<\/h4>\n<p>[\/et_pb_text][\/et_pb_column][\/et_pb_row][\/et_pb_section]<\/p>\n","protected":false},"excerpt":{"rendered":"<p>NOS PR\u00c9SENTOIRS R\u00c9FRIG\u00c9R\u00c9S SUR MESURE : DISTINCTION ET FIABILIT\u00c9 Mettez votre marque en valeur et b\u00e9n\u00e9ficiez de la tranquillit\u00e9 d\u2019esprit avec nos pr\u00e9sentoirs sur mesure et nos plans de maintenance pr\u00e9ventive. SORTIR DU LOT AVEC BRIO Chez MTL Cool, nous concevons des pr\u00e9sentoirs r\u00e9frig\u00e9r\u00e9s sur mesure qui vous permettent de personnaliser votre offre chez les [&hellip;]<\/p>\n","protected":false},"author":1,"featured_media":0,"parent":0,"menu_order":37,"comment_status":"closed","ping_status":"closed","template":"","meta":{"_acf_changed":false,"_et_pb_use_builder":"on","_et_pb_old_content":"","_et_gb_content_width":"","_monsterinsights_skip_tracking":false,"_monsterinsights_sitenote_active":false,"_monsterinsights_sitenote_note":"","_monsterinsights_sitenote_category":0,"footnotes":""},"class_list":["post-466","page","type-page","status-publish","hentry"],"acf":[],"yoast_head":"<!-- This site is optimized with the Yoast SEO plugin v27.6 - https:\/\/yoast.com\/product\/yoast-seo-wordpress\/ -->\n<title>Pr\u00e9sentoir refrig\u00e9r\u00e9 sur mesure | MTL COOL<\/title>\n<meta name=\"description\" content=\"Mettez votre marque en valeur et b\u00e9n\u00e9ficiez de la tranquillit\u00e9 d\u2019esprit avec nos pr\u00e9sentoirs sur mesure et nos plans de maintenance pr\u00e9ventive.\" \/>\n<meta name=\"robots\" content=\"index, follow, max-snippet:-1, max-image-preview:large, max-video-preview:-1\" \/>\n<link rel=\"canonical\" href=\"https:\/\/www.mtlcool.com\/fr\/refrigeration-commercial-sur-mesure\/\" \/>\n<meta property=\"og:locale\" content=\"fr_FR\" \/>\n<meta property=\"og:type\" content=\"article\" \/>\n<meta property=\"og:title\" content=\"Pr\u00e9sentoir refrig\u00e9r\u00e9 sur mesure | MTL COOL\" \/>\n<meta property=\"og:description\" content=\"Mettez votre marque en valeur et b\u00e9n\u00e9ficiez de la tranquillit\u00e9 d\u2019esprit avec nos pr\u00e9sentoirs sur mesure et nos plans de maintenance pr\u00e9ventive.\" \/>\n<meta property=\"og:url\" content=\"https:\/\/www.mtlcool.com\/fr\/refrigeration-commercial-sur-mesure\/\" \/>\n<meta property=\"og:site_name\" content=\"MTL COOL by FENYX TECHNOLOGY SOLUTIONS INC.\" \/>\n<meta property=\"article:modified_time\" content=\"2018-04-11T14:02:12+00:00\" \/>\n<meta name=\"twitter:card\" content=\"summary_large_image\" \/>\n<meta name=\"twitter:label1\" content=\"Dur\u00e9e de lecture estim\u00e9e\" \/>\n\t<meta name=\"twitter:data1\" content=\"7 minutes\" \/>\n<script type=\"application\/ld+json\" class=\"yoast-schema-graph\">{\"@context\":\"https:\\\/\\\/schema.org\",\"@graph\":[{\"@type\":\"WebPage\",\"@id\":\"https:\\\/\\\/www.mtlcool.com\\\/fr\\\/refrigeration-commercial-sur-mesure\\\/\",\"url\":\"https:\\\/\\\/www.mtlcool.com\\\/fr\\\/refrigeration-commercial-sur-mesure\\\/\",\"name\":\"Pr\u00e9sentoir refrig\u00e9r\u00e9 sur mesure | MTL COOL\",\"isPartOf\":{\"@id\":\"https:\\\/\\\/www.mtlcool.com\\\/fr\\\/#website\"},\"datePublished\":\"2018-02-14T18:16:20+00:00\",\"dateModified\":\"2018-04-11T14:02:12+00:00\",\"description\":\"Mettez votre marque en valeur et b\u00e9n\u00e9ficiez de la tranquillit\u00e9 d\u2019esprit avec nos pr\u00e9sentoirs sur mesure et nos plans de maintenance pr\u00e9ventive.\",\"breadcrumb\":{\"@id\":\"https:\\\/\\\/www.mtlcool.com\\\/fr\\\/refrigeration-commercial-sur-mesure\\\/#breadcrumb\"},\"inLanguage\":\"fr-FR\",\"potentialAction\":[{\"@type\":\"ReadAction\",\"target\":[\"https:\\\/\\\/www.mtlcool.com\\\/fr\\\/refrigeration-commercial-sur-mesure\\\/\"]}]},{\"@type\":\"BreadcrumbList\",\"@id\":\"https:\\\/\\\/www.mtlcool.com\\\/fr\\\/refrigeration-commercial-sur-mesure\\\/#breadcrumb\",\"itemListElement\":[{\"@type\":\"ListItem\",\"position\":1,\"name\":\"Accueil\",\"item\":\"https:\\\/\\\/www.mtlcool.com\\\/fr\\\/\"},{\"@type\":\"ListItem\",\"position\":2,\"name\":\"Marque nationale\"}]},{\"@type\":\"WebSite\",\"@id\":\"https:\\\/\\\/www.mtlcool.com\\\/fr\\\/#website\",\"url\":\"https:\\\/\\\/www.mtlcool.com\\\/fr\\\/\",\"name\":\"MTL COOL by FENYX TECHNOLOGY SOLUTIONS INC.\",\"description\":\"\",\"potentialAction\":[{\"@type\":\"SearchAction\",\"target\":{\"@type\":\"EntryPoint\",\"urlTemplate\":\"https:\\\/\\\/www.mtlcool.com\\\/fr\\\/?s={search_term_string}\"},\"query-input\":{\"@type\":\"PropertyValueSpecification\",\"valueRequired\":true,\"valueName\":\"search_term_string\"}}],\"inLanguage\":\"fr-FR\"}]}<\/script>\n<!-- \/ Yoast SEO plugin. -->","yoast_head_json":{"title":"Pr\u00e9sentoir refrig\u00e9r\u00e9 sur mesure | MTL COOL","description":"Mettez votre marque en valeur et b\u00e9n\u00e9ficiez de la tranquillit\u00e9 d\u2019esprit avec nos pr\u00e9sentoirs sur mesure et nos plans de maintenance pr\u00e9ventive.","robots":{"index":"index","follow":"follow","max-snippet":"max-snippet:-1","max-image-preview":"max-image-preview:large","max-video-preview":"max-video-preview:-1"},"canonical":"https:\/\/www.mtlcool.com\/fr\/refrigeration-commercial-sur-mesure\/","og_locale":"fr_FR","og_type":"article","og_title":"Pr\u00e9sentoir refrig\u00e9r\u00e9 sur mesure | MTL COOL","og_description":"Mettez votre marque en valeur et b\u00e9n\u00e9ficiez de la tranquillit\u00e9 d\u2019esprit avec nos pr\u00e9sentoirs sur mesure et nos plans de maintenance pr\u00e9ventive.","og_url":"https:\/\/www.mtlcool.com\/fr\/refrigeration-commercial-sur-mesure\/","og_site_name":"MTL COOL by FENYX TECHNOLOGY SOLUTIONS INC.","article_modified_time":"2018-04-11T14:02:12+00:00","twitter_card":"summary_large_image","twitter_misc":{"Dur\u00e9e de lecture estim\u00e9e":"7 minutes"},"schema":{"@context":"https:\/\/schema.org","@graph":[{"@type":"WebPage","@id":"https:\/\/www.mtlcool.com\/fr\/refrigeration-commercial-sur-mesure\/","url":"https:\/\/www.mtlcool.com\/fr\/refrigeration-commercial-sur-mesure\/","name":"Pr\u00e9sentoir refrig\u00e9r\u00e9 sur mesure | MTL COOL","isPartOf":{"@id":"https:\/\/www.mtlcool.com\/fr\/#website"},"datePublished":"2018-02-14T18:16:20+00:00","dateModified":"2018-04-11T14:02:12+00:00","description":"Mettez votre marque en valeur et b\u00e9n\u00e9ficiez de la tranquillit\u00e9 d\u2019esprit avec nos pr\u00e9sentoirs sur mesure et nos plans de maintenance pr\u00e9ventive.","breadcrumb":{"@id":"https:\/\/www.mtlcool.com\/fr\/refrigeration-commercial-sur-mesure\/#breadcrumb"},"inLanguage":"fr-FR","potentialAction":[{"@type":"ReadAction","target":["https:\/\/www.mtlcool.com\/fr\/refrigeration-commercial-sur-mesure\/"]}]},{"@type":"BreadcrumbList","@id":"https:\/\/www.mtlcool.com\/fr\/refrigeration-commercial-sur-mesure\/#breadcrumb","itemListElement":[{"@type":"ListItem","position":1,"name":"Accueil","item":"https:\/\/www.mtlcool.com\/fr\/"},{"@type":"ListItem","position":2,"name":"Marque nationale"}]},{"@type":"WebSite","@id":"https:\/\/www.mtlcool.com\/fr\/#website","url":"https:\/\/www.mtlcool.com\/fr\/","name":"MTL COOL by FENYX TECHNOLOGY SOLUTIONS INC.","description":"","potentialAction":[{"@type":"SearchAction","target":{"@type":"EntryPoint","urlTemplate":"https:\/\/www.mtlcool.com\/fr\/?s={search_term_string}"},"query-input":{"@type":"PropertyValueSpecification","valueRequired":true,"valueName":"search_term_string"}}],"inLanguage":"fr-FR"}]}},"_links":{"self":[{"href":"https:\/\/www.mtlcool.com\/fr\/wp-json\/wp\/v2\/pages\/466","targetHints":{"allow":["GET"]}}],"collection":[{"href":"https:\/\/www.mtlcool.com\/fr\/wp-json\/wp\/v2\/pages"}],"about":[{"href":"https:\/\/www.mtlcool.com\/fr\/wp-json\/wp\/v2\/types\/page"}],"author":[{"embeddable":true,"href":"https:\/\/www.mtlcool.com\/fr\/wp-json\/wp\/v2\/users\/1"}],"replies":[{"embeddable":true,"href":"https:\/\/www.mtlcool.com\/fr\/wp-json\/wp\/v2\/comments?post=466"}],"version-history":[{"count":0,"href":"https:\/\/www.mtlcool.com\/fr\/wp-json\/wp\/v2\/pages\/466\/revisions"}],"wp:attachment":[{"href":"https:\/\/www.mtlcool.com\/fr\/wp-json\/wp\/v2\/media?parent=466"}],"curies":[{"name":"wp","href":"https:\/\/api.w.org\/{rel}","templated":true}]}}