{"id":1640,"date":"2018-03-22T11:01:43","date_gmt":"2018-03-22T15:01:43","guid":{"rendered":"https:\/\/mtlcoolprod.wpengine.com\/?page_id=1640"},"modified":"2018-03-22T11:01:43","modified_gmt":"2018-03-22T15:01:43","slug":"confirmation-denvoi-demande-dassistance","status":"publish","type":"page","link":"https:\/\/www.mtlcool.com\/fr\/confirmation-denvoi-demande-dassistance\/","title":{"rendered":"Confirmation d&rsquo;envoi : demande d&rsquo;assistance"},"content":{"rendered":"\t\t<div class=\"et_pb_section et_pb_with_background et_section_regular breadcrumbs_section\">\n\t\t\t<div class=\" et_pb_row breadcrumbs_row\">\n\t\t\t\t<div class=\"et_pb_column et_pb_column_4_4 breadcrumbs_column\">\n\t\t\t\t\t<div class=\"et_pb_code et_pb_module breadcrumbs_module\">\n\t\t\t\t\t\t<span><span><a href=\"https:\/\/www.mtlcool.com\/fr\/\">Accueil<\/a><\/span><\/span>\t\t\t\t\t<\/div> <!-- .et_pb_code -->\n\t\t\t\t<\/div> <!-- .et_pb_column -->\n\t\t\t<\/div> <!-- .et_pb_row -->\n\t\t<\/div>\n\t\t<p>[et_pb_section bb_built=\u00a0\u00bb1&Prime; _builder_version=\u00a0\u00bb3.0.101&Prime;][et_pb_row _builder_version=\u00a0\u00bb3.0.101&Prime; use_custom_width=\u00a0\u00bbon\u00a0\u00bb custom_width_px=\u00a0\u00bb600px\u00a0\u00bb][et_pb_column type=\u00a0\u00bb4_4&Prime;][et_pb_text _builder_version=\u00a0\u00bb3.0.101&Prime; background_layout=\u00a0\u00bblight\u00a0\u00bb text_font_size=\u00a0\u00bb23px\u00a0\u00bb text_font_size_phone=\u00a0\u00bb16px\u00a0\u00bb text_font_size_last_edited=\u00a0\u00bbon|phone\u00a0\u00bb text_line_height=\u00a0\u00bb1.3em\u00a0\u00bb text_orientation=\u00a0\u00bbcenter\u00a0\u00bb]<\/p>\n<p>Vos informations ont \u00e9t\u00e9 soumises avec succ\u00e8s. Nous communiquerons avec vous dans les plus brefs d\u00e9lais. Merci!<\/p>\n<p>[\/et_pb_text][\/et_pb_column][\/et_pb_row][\/et_pb_section]<\/p>\n","protected":false},"excerpt":{"rendered":"<p>Vos informations ont \u00e9t\u00e9 soumises avec succ\u00e8s. Nous communiquerons avec vous dans les plus brefs d\u00e9lais. Merci!<\/p>\n","protected":false},"author":1,"featured_media":0,"parent":0,"menu_order":27,"comment_status":"closed","ping_status":"closed","template":"","meta":{"_acf_changed":false,"_et_pb_use_builder":"on","_et_pb_old_content":"","_et_gb_content_width":"","_monsterinsights_skip_tracking":false,"_monsterinsights_sitenote_active":false,"_monsterinsights_sitenote_note":"","_monsterinsights_sitenote_category":0,"footnotes":""},"class_list":["post-1640","page","type-page","status-publish","hentry"],"acf":[],"yoast_head":"<!-- This site is optimized with the Yoast SEO plugin v27.3 - https:\/\/yoast.com\/product\/yoast-seo-wordpress\/ -->\n<title>Confirmation d&#039;envoi : demande d&#039;assistance - MTL COOL by FENYX TECHNOLOGY SOLUTIONS INC.<\/title>\n<meta name=\"robots\" content=\"index, follow, max-snippet:-1, max-image-preview:large, max-video-preview:-1\" \/>\n<link rel=\"canonical\" href=\"https:\/\/www.mtlcool.com\/fr\/confirmation-denvoi-demande-dassistance\/\" \/>\n<meta property=\"og:locale\" content=\"fr_FR\" \/>\n<meta property=\"og:type\" content=\"article\" \/>\n<meta property=\"og:title\" content=\"Confirmation d&#039;envoi : demande d&#039;assistance - MTL COOL by FENYX TECHNOLOGY SOLUTIONS INC.\" \/>\n<meta property=\"og:description\" content=\"Vos informations ont \u00e9t\u00e9 soumises avec succ\u00e8s. Nous communiquerons avec vous dans les plus brefs d\u00e9lais. Merci!\" \/>\n<meta property=\"og:url\" content=\"https:\/\/www.mtlcool.com\/fr\/confirmation-denvoi-demande-dassistance\/\" \/>\n<meta property=\"og:site_name\" content=\"MTL COOL by FENYX TECHNOLOGY SOLUTIONS INC.\" \/>\n<meta name=\"twitter:card\" content=\"summary_large_image\" \/>\n<script type=\"application\/ld+json\" class=\"yoast-schema-graph\">{\"@context\":\"https:\\\/\\\/schema.org\",\"@graph\":[{\"@type\":\"WebPage\",\"@id\":\"https:\\\/\\\/www.mtlcool.com\\\/fr\\\/confirmation-denvoi-demande-dassistance\\\/\",\"url\":\"https:\\\/\\\/www.mtlcool.com\\\/fr\\\/confirmation-denvoi-demande-dassistance\\\/\",\"name\":\"Confirmation d'envoi : demande d'assistance - MTL COOL by FENYX TECHNOLOGY SOLUTIONS INC.\",\"isPartOf\":{\"@id\":\"https:\\\/\\\/www.mtlcool.com\\\/fr\\\/#website\"},\"datePublished\":\"2018-03-22T15:01:43+00:00\",\"breadcrumb\":{\"@id\":\"https:\\\/\\\/www.mtlcool.com\\\/fr\\\/confirmation-denvoi-demande-dassistance\\\/#breadcrumb\"},\"inLanguage\":\"fr-FR\",\"potentialAction\":[{\"@type\":\"ReadAction\",\"target\":[\"https:\\\/\\\/www.mtlcool.com\\\/fr\\\/confirmation-denvoi-demande-dassistance\\\/\"]}]},{\"@type\":\"BreadcrumbList\",\"@id\":\"https:\\\/\\\/www.mtlcool.com\\\/fr\\\/confirmation-denvoi-demande-dassistance\\\/#breadcrumb\",\"itemListElement\":[{\"@type\":\"ListItem\",\"position\":1,\"name\":\"Accueil\",\"item\":\"https:\\\/\\\/www.mtlcool.com\\\/fr\\\/\"},{\"@type\":\"ListItem\",\"position\":2,\"name\":\"Confirmation d&#8217;envoi : demande d&#8217;assistance\"}]},{\"@type\":\"WebSite\",\"@id\":\"https:\\\/\\\/www.mtlcool.com\\\/fr\\\/#website\",\"url\":\"https:\\\/\\\/www.mtlcool.com\\\/fr\\\/\",\"name\":\"MTL COOL by FENYX TECHNOLOGY SOLUTIONS INC.\",\"description\":\"\",\"potentialAction\":[{\"@type\":\"SearchAction\",\"target\":{\"@type\":\"EntryPoint\",\"urlTemplate\":\"https:\\\/\\\/www.mtlcool.com\\\/fr\\\/?s={search_term_string}\"},\"query-input\":{\"@type\":\"PropertyValueSpecification\",\"valueRequired\":true,\"valueName\":\"search_term_string\"}}],\"inLanguage\":\"fr-FR\"}]}<\/script>\n<!-- \/ Yoast SEO plugin. -->","yoast_head_json":{"title":"Confirmation d'envoi : demande d'assistance - MTL COOL by FENYX TECHNOLOGY SOLUTIONS INC.","robots":{"index":"index","follow":"follow","max-snippet":"max-snippet:-1","max-image-preview":"max-image-preview:large","max-video-preview":"max-video-preview:-1"},"canonical":"https:\/\/www.mtlcool.com\/fr\/confirmation-denvoi-demande-dassistance\/","og_locale":"fr_FR","og_type":"article","og_title":"Confirmation d'envoi : demande d'assistance - MTL COOL by FENYX TECHNOLOGY SOLUTIONS INC.","og_description":"Vos informations ont \u00e9t\u00e9 soumises avec succ\u00e8s. Nous communiquerons avec vous dans les plus brefs d\u00e9lais. Merci!","og_url":"https:\/\/www.mtlcool.com\/fr\/confirmation-denvoi-demande-dassistance\/","og_site_name":"MTL COOL by FENYX TECHNOLOGY SOLUTIONS INC.","twitter_card":"summary_large_image","schema":{"@context":"https:\/\/schema.org","@graph":[{"@type":"WebPage","@id":"https:\/\/www.mtlcool.com\/fr\/confirmation-denvoi-demande-dassistance\/","url":"https:\/\/www.mtlcool.com\/fr\/confirmation-denvoi-demande-dassistance\/","name":"Confirmation d'envoi : demande d'assistance - MTL COOL by FENYX TECHNOLOGY SOLUTIONS INC.","isPartOf":{"@id":"https:\/\/www.mtlcool.com\/fr\/#website"},"datePublished":"2018-03-22T15:01:43+00:00","breadcrumb":{"@id":"https:\/\/www.mtlcool.com\/fr\/confirmation-denvoi-demande-dassistance\/#breadcrumb"},"inLanguage":"fr-FR","potentialAction":[{"@type":"ReadAction","target":["https:\/\/www.mtlcool.com\/fr\/confirmation-denvoi-demande-dassistance\/"]}]},{"@type":"BreadcrumbList","@id":"https:\/\/www.mtlcool.com\/fr\/confirmation-denvoi-demande-dassistance\/#breadcrumb","itemListElement":[{"@type":"ListItem","position":1,"name":"Accueil","item":"https:\/\/www.mtlcool.com\/fr\/"},{"@type":"ListItem","position":2,"name":"Confirmation d&#8217;envoi : demande d&#8217;assistance"}]},{"@type":"WebSite","@id":"https:\/\/www.mtlcool.com\/fr\/#website","url":"https:\/\/www.mtlcool.com\/fr\/","name":"MTL COOL by FENYX TECHNOLOGY SOLUTIONS INC.","description":"","potentialAction":[{"@type":"SearchAction","target":{"@type":"EntryPoint","urlTemplate":"https:\/\/www.mtlcool.com\/fr\/?s={search_term_string}"},"query-input":{"@type":"PropertyValueSpecification","valueRequired":true,"valueName":"search_term_string"}}],"inLanguage":"fr-FR"}]}},"_links":{"self":[{"href":"https:\/\/www.mtlcool.com\/fr\/wp-json\/wp\/v2\/pages\/1640","targetHints":{"allow":["GET"]}}],"collection":[{"href":"https:\/\/www.mtlcool.com\/fr\/wp-json\/wp\/v2\/pages"}],"about":[{"href":"https:\/\/www.mtlcool.com\/fr\/wp-json\/wp\/v2\/types\/page"}],"author":[{"embeddable":true,"href":"https:\/\/www.mtlcool.com\/fr\/wp-json\/wp\/v2\/users\/1"}],"replies":[{"embeddable":true,"href":"https:\/\/www.mtlcool.com\/fr\/wp-json\/wp\/v2\/comments?post=1640"}],"version-history":[{"count":0,"href":"https:\/\/www.mtlcool.com\/fr\/wp-json\/wp\/v2\/pages\/1640\/revisions"}],"wp:attachment":[{"href":"https:\/\/www.mtlcool.com\/fr\/wp-json\/wp\/v2\/media?parent=1640"}],"curies":[{"name":"wp","href":"https:\/\/api.w.org\/{rel}","templated":true}]}}