{"id":164,"date":"2015-11-27T19:42:16","date_gmt":"2015-11-27T19:42:16","guid":{"rendered":"https:\/\/mtlcoolprod.wpengine.com\/?page_id=164"},"modified":"2021-01-20T08:30:57","modified_gmt":"2021-01-20T13:30:57","slug":"contact","status":"publish","type":"page","link":"https:\/\/www.mtlcool.com\/fr\/contact\/","title":{"rendered":"Contact"},"content":{"rendered":"\t\t<div class=\"et_pb_section et_pb_with_background et_section_regular breadcrumbs_section\">\n\t\t\t<div class=\" et_pb_row breadcrumbs_row\">\n\t\t\t\t<div class=\"et_pb_column et_pb_column_4_4 breadcrumbs_column\">\n\t\t\t\t\t<div class=\"et_pb_code et_pb_module breadcrumbs_module\">\n\t\t\t\t\t\t<span><span><a href=\"https:\/\/www.mtlcool.com\/fr\/\">Accueil<\/a><\/span><\/span>\t\t\t\t\t<\/div> <!-- .et_pb_code -->\n\t\t\t\t<\/div> <!-- .et_pb_column -->\n\t\t\t<\/div> <!-- .et_pb_row -->\n\t\t<\/div>\n\t\t<p>[et_pb_section bb_built=\u00a0\u00bb1&Prime; admin_label=\u00a0\u00bbsection\u00a0\u00bb _builder_version=\u00a0\u00bb3.0.106&Prime; custom_padding=\u00a0\u00bb0px|||\u00a0\u00bb][et_pb_row admin_label=\u00a0\u00bbrow\u00a0\u00bb make_fullwidth=\u00a0\u00bbon\u00a0\u00bb use_custom_gutter=\u00a0\u00bbon\u00a0\u00bb gutter_width=\u00a0\u00bb1&Prime; background_color_1=\u00a0\u00bb#005aa0&Prime; bg_img_1=\u00a0\u00bbhttps:\/\/www.mtlcool.com\/wp-content\/uploads\/2018\/02\/service-client-motif.png\u00a0\u00bb padding_top_1=\u00a0\u00bb60px\u00a0\u00bb padding_right_1=\u00a0\u00bb30px\u00a0\u00bb padding_bottom_1=\u00a0\u00bb30px\u00a0\u00bb padding_left_1=\u00a0\u00bb15%\u00a0\u00bb padding_top_2=\u00a0\u00bb60px\u00a0\u00bb padding_right_2=\u00a0\u00bb60px\u00a0\u00bb padding_left_2=\u00a0\u00bb60px\u00a0\u00bb padding_1_tablet=\u00a0\u00bb60px|60px|30px|60px\u00a0\u00bb padding_2_tablet=\u00a0\u00bb60px|60px|60px|60px\u00a0\u00bb padding_1_phone=\u00a0\u00bb30px|30px|30px|30px\u00a0\u00bb padding_2_phone=\u00a0\u00bb30px|30px|30px|30px\u00a0\u00bb padding_1_last_edited=\u00a0\u00bbon|phone\u00a0\u00bb padding_2_last_edited=\u00a0\u00bbon|tablet\u00a0\u00bb custom_css_main_1=\u00a0\u00bbbackground-size: contain;||background-position: 0 0;||background-repeat: no-repeat;\u00a0\u00bb module_id=\u00a0\u00bbcontact-form\u00a0\u00bb _builder_version=\u00a0\u00bb3.0.106&Prime; background_size=\u00a0\u00bbinitial\u00a0\u00bb background_position=\u00a0\u00bbtop_left\u00a0\u00bb background_repeat=\u00a0\u00bbrepeat\u00a0\u00bb][et_pb_column type=\u00a0\u00bb2_3&Prime;][et_pb_text admin_label=\u00a0\u00bbCONTACTEZ-NOUS AUJOURD&rsquo;HUI\u00a0\u00bb background_layout=\u00a0\u00bbdark\u00a0\u00bb _builder_version=\u00a0\u00bb3.0.101&Prime; custom_margin=\u00a0\u00bb||60px|\u00a0\u00bb custom_margin_tablet=\u00a0\u00bb||30px|\u00a0\u00bb custom_margin_last_edited=\u00a0\u00bbon|tablet\u00a0\u00bb]<\/p>\n<h2><strong>CONTACTEZ-NOUS AUJOURD&rsquo;HUI<\/strong><\/h2>\n<p>[\/et_pb_text][et_pb_code admin_label=\u00a0\u00bbFormulaire de contact\u00a0\u00bb _builder_version=\u00a0\u00bb3.0.106&Prime;]<div class=\"frm_forms  with_frm_style frm_style_formidable-style\" id=\"frm_form_6_container\" >\n<form enctype=\"multipart\/form-data\" method=\"post\" class=\"frm-show-form btn-right frm_pro_form \" id=\"form_z1rge\" >\n<div class=\"frm_form_fields \">\n<fieldset>\n<legend class=\"frm_screen_reader\">Contact - FR<\/legend>\r\n\r\n<div class=\"frm_fields_container\">\n<input type=\"hidden\" name=\"frm_action\" value=\"create\" \/>\n<input type=\"hidden\" name=\"form_id\" value=\"6\" \/>\n<input type=\"hidden\" name=\"frm_hide_fields_6\" id=\"frm_hide_fields_6\" value=\"\" \/>\n<input type=\"hidden\" name=\"form_key\" value=\"z1rge\" \/>\n<input type=\"hidden\" name=\"item_meta[0]\" value=\"\" \/>\n<input type=\"hidden\" id=\"frm_submit_entry_6\" name=\"frm_submit_entry_6\" value=\"1b01d49845\" \/><input type=\"hidden\" name=\"_wp_http_referer\" value=\"\/fr\/wp-json\/wp\/v2\/pages\/164\" \/><div id=\"frm_field_75_container\" class=\"frm_form_field form-field  frm_required_field frm_none_container frm_first frm_half\">\r\n    <label for=\"field_91w7\" class=\"frm_primary_label\">Nom\r\n        <span class=\"frm_required\">*<\/span>\r\n    <\/label>\r\n    <input  type=\"text\" id=\"field_91w7\" name=\"item_meta[75]\" value=\"\"  placeholder=\"Nom* :\" data-reqmsg=\"Ce champ ne peut pas \u00eatre vide\" aria-required=\"true\" data-invmsg=\"texte est non valide\" aria-invalid=\"false\"   \/>\r\n    \r\n    \r\n<\/div>\n<div id=\"frm_field_76_container\" class=\"frm_form_field form-field  frm_required_field frm_none_container frm_half\">\r\n    <label for=\"field_ogciu\" class=\"frm_primary_label\">Pr\u00e9nom\r\n        <span class=\"frm_required\">*<\/span>\r\n    <\/label>\r\n    <input  type=\"text\" id=\"field_ogciu\" name=\"item_meta[76]\" value=\"\"  placeholder=\"Pr\u00e9nom* :\" data-reqmsg=\"Ce champ ne peut pas \u00eatre vide\" aria-required=\"true\" data-invmsg=\"texte est non valide\" aria-invalid=\"false\"   \/>\r\n    \r\n    \r\n<\/div>\n<div id=\"frm_field_77_container\" class=\"frm_form_field form-field  frm_required_field frm_none_container frm_first frm_half\">\r\n    <label for=\"field_gwp8g\" class=\"frm_primary_label\">Courriel\r\n        <span class=\"frm_required\">*<\/span>\r\n    <\/label>\r\n    <input  type=\"text\" id=\"field_gwp8g\" name=\"item_meta[77]\" value=\"\"  placeholder=\"Courriel* :\" data-reqmsg=\"Ce champ ne peut pas \u00eatre vide\" aria-required=\"true\" data-invmsg=\"texte est non valide\" aria-invalid=\"false\"   \/>\r\n    \r\n    \r\n<\/div>\n<div id=\"frm_field_78_container\" class=\"frm_form_field form-field  frm_none_container frm_half\">\r\n    <label for=\"field_6i526\" class=\"frm_primary_label\">Titre du poste\r\n        <span class=\"frm_required\"><\/span>\r\n    <\/label>\r\n    <input  type=\"text\" id=\"field_6i526\" name=\"item_meta[78]\" value=\"\"  placeholder=\"Titre du poste :\" data-invmsg=\"texte est non valide\" aria-invalid=\"false\"   \/>\r\n    \r\n    \r\n<\/div>\n<div id=\"frm_field_79_container\" class=\"frm_form_field form-field  frm_none_container frm_first frm_half\">\r\n    <label for=\"field_63mft\" class=\"frm_primary_label\">Industrie\r\n        <span class=\"frm_required\"><\/span>\r\n    <\/label>\r\n    <input  type=\"text\" id=\"field_63mft\" name=\"item_meta[79]\" value=\"\"  placeholder=\"Industrie :\" data-invmsg=\"texte est non valide\" aria-invalid=\"false\"   \/>\r\n    \r\n    \r\n<\/div>\n<div id=\"frm_field_80_container\" class=\"frm_form_field form-field  frm_none_container frm_half\">\r\n    <label for=\"field_9dtab\" class=\"frm_primary_label\">T\u00e9l\u00e9phone\r\n        <span class=\"frm_required\"><\/span>\r\n    <\/label>\r\n    <input  type=\"text\" id=\"field_9dtab\" name=\"item_meta[80]\" value=\"\"  placeholder=\"T\u00e9l\u00e9phone :\" data-invmsg=\"texte est non valide\" aria-invalid=\"false\"   \/>\r\n    \r\n    \r\n<\/div>\n<div id=\"frm_field_112_container\" class=\"frm_form_field form-field  frm_none_container\">\r\n    <label for=\"field_aulqv\" class=\"frm_primary_label\">Quel est le meilleur moment pour vous joindre ?\r\n        <span class=\"frm_required\"><\/span>\r\n    <\/label>\r\n    <input  type=\"text\" id=\"field_aulqv\" name=\"item_meta[112]\" value=\"\"  placeholder=\"Quel est le meilleur moment pour vous joindre ?\" data-invmsg=\"texte est non valide\" aria-invalid=\"false\"   \/>\r\n    \r\n    \r\n<\/div>\n<div id=\"frm_field_82_container\" class=\"frm_form_field form-field  frm_required_field frm_none_container\">\r\n    <label for=\"field_o4gi0\" class=\"frm_primary_label\">Message\r\n        <span class=\"frm_required\">*<\/span>\r\n    <\/label>\r\n    <textarea name=\"item_meta[82]\" id=\"field_o4gi0\" rows=\"5\"  placeholder=\"Message* :\" data-reqmsg=\"Ce champ ne peut pas \u00eatre vide\" aria-required=\"true\" data-invmsg=\"Message est non valide\" aria-invalid=\"false\"  ><\/textarea>\r\n    \r\n    \r\n<\/div>\n\t<input type=\"hidden\" name=\"item_key\" value=\"\" \/>\n\t\t\t<div id=\"frm_field_155_container\">\n\t\t\t<label for=\"field_tvm6i\" >\n\t\t\t\tSi vous \u00eates un humain, ne remplissez pas ce champ.\t\t\t<\/label>\n\t\t\t<input  id=\"field_tvm6i\" type=\"text\" class=\"frm_form_field form-field frm_verify\" name=\"item_meta[155]\" value=\"\"  \/>\n\t\t<\/div>\n\t\t<input name=\"frm_state\" type=\"hidden\" value=\"qLhRYQ6m\/3D0dqCrhprSBrvJm3sXfIUeoLEXi6c+ba59E3Ih8EkXVICTw8ZMQ2fW\" \/><div class=\"frm_submit\">\r\n\r\n<button class=\"frm_button_submit frm_final_submit et_pb_module et_pb_button\" type=\"submit\"  >Submit<\/button>\r\n\r\n<\/div><\/div>\n<\/fieldset>\n<\/div>\n\n<\/form>\n<\/div>\n[\/et_pb_code][\/et_pb_column][et_pb_column type=\u00a0\u00bb1_3&Prime;][et_pb_text admin_label=\u00a0\u00bbInformations (desktop)\u00a0\u00bb disabled_on=\u00a0\u00bbon|on|off\u00a0\u00bb _builder_version=\u00a0\u00bb3.0.106&Prime; text_orientation=\u00a0\u00bbright\u00a0\u00bb max_width=\u00a0\u00bb333px\u00a0\u00bb module_alignment=\u00a0\u00bbleft\u00a0\u00bb background_layout=\u00a0\u00bblight\u00a0\u00bb]<\/p>\n<h3>SI\u00c8GE SOCIAL<\/h3>\n<p><a href=\"https:\/\/www.google.ca\/maps\/place\/7880+Boulevard+Industriel,+Chambly,+QC+J3L+4X3\/@45.4344117,-73.3787789,11z\/data=!4m5!3m4!1s0x4cc9a63528a8a6ad:0x97e8155b454acf68!8m2!3d45.4168186!4d-73.2804158?hl=en\" target=\"_blank\" rel=\"noopener noreferrer\">SOLUTIONS TECHNOLOGIQUES FENYX INC<br \/>\n7880 Boulevard Industriel<\/a><br \/>\n<a href=\"https:\/\/www.google.ca\/maps\/place\/7880+Boulevard+Industriel,+Chambly,+QC+J3L+4X3\/@45.4344117,-73.3787789,11z\/data=!4m5!3m4!1s0x4cc9a63528a8a6ad:0x97e8155b454acf68!8m2!3d45.4168186!4d-73.2804158?hl=en\" target=\"_blank\" rel=\"noopener noreferrer\">Chambly, Quebec J3L 4X3<\/a><br \/>\n<a href=\"https:\/\/www.google.ca\/maps\/place\/7880+Boulevard+Industriel,+Chambly,+QC+J3L+4X3\/@45.4344117,-73.3787789,11z\/data=!4m5!3m4!1s0x4cc9a63528a8a6ad:0x97e8155b454acf68!8m2!3d45.4168186!4d-73.2804158?hl=en\" target=\"_blank\" rel=\"noopener noreferrer\">Canada<\/a><\/p>\n<h3>ETATS-UNIS<\/h3>\n<p><a href=\"https:\/\/goo.gl\/maps\/oGyXJT3jLBU2\" target=\"_blank\" rel=\"noopener noreferrer\">FENYX USA INC<br \/>\n1483 Military Turnpike, Building 6, Suite 200<\/a><br \/>\n<a href=\"https:\/\/goo.gl\/maps\/oGyXJT3jLBU2\" target=\"_blank\" rel=\"noopener noreferrer\">Plattsburgh, NY 12901<\/a><br \/>\n<a href=\"https:\/\/goo.gl\/maps\/oGyXJT3jLBU2\" target=\"_blank\" rel=\"noopener noreferrer\">USA<\/a><\/p>\n<h3>T\u00c9L\u00c9PHONES<\/h3>\n<p>T\u00e9l\u00e9phone : <a href=\"tel:4506582344\">+1 450 658 2344<\/a><\/p>\n<p>Sans Frais : <a href=\"tel:18886858324\">+1 888 685 8324<\/a><\/p>\n<p>Fax : +1 450 658 2311<\/p>\n<h3>COURRIEL<\/h3>\n<p><a href=\"mailto:info@mtlcool.com\" target=\"_blank\" rel=\"noopener noreferrer\">info@mtlcool.com<\/a><\/p>\n<p>[\/et_pb_text][et_pb_text admin_label=\u00a0\u00bbInformation (tablet et mobile)\u00a0\u00bb disabled_on=\u00a0\u00bb||on\u00a0\u00bb _builder_version=\u00a0\u00bb3.0.106&Prime; max_width=\u00a0\u00bb333px\u00a0\u00bb module_alignment=\u00a0\u00bbleft\u00a0\u00bb background_layout=\u00a0\u00bblight\u00a0\u00bb]<\/p>\n<h3>SI\u00c8GE SOCIAL<\/h3>\n<p><a href=\"https:\/\/www.google.ca\/maps\/place\/7880+Boulevard+Industriel,+Chambly,+QC+J3L+4X3\/@45.4344117,-73.3787789,11z\/data=!4m5!3m4!1s0x4cc9a63528a8a6ad:0x97e8155b454acf68!8m2!3d45.4168186!4d-73.2804158?hl=en\" target=\"_blank\" rel=\"noopener noreferrer\">7880 Boulevard Industriel<br \/>\nChambly, Quebec J3L 4X3<br \/>\nCanada<\/a><\/p>\n<p><a href=\"https:\/\/goo.gl\/maps\/oGyXJT3jLBU2\" target=\"_blank\" rel=\"noopener noreferrer\">1483 Military Turnpike, Building 6, Suite #200<br \/>\nPlattsburgh, NY 12901<br \/>\nUSA<\/a><\/p>\n<h3>T\u00c9L\u00c9PHONES<\/h3>\n<p>T\u00e9l\u00e9phone : <a href=\"tel:4506582344\">+1 450 658 2344<\/a><br \/>\nSans Frais : <a href=\"tel:18886858324\">+1 888 685 8324<\/a><br \/>\nFax : +1 450 658 2311<\/p>\n<h3>COURRIEL<\/h3>\n<p><a href=\"mailto:info@mtlcool.com\" target=\"_blank\" rel=\"noopener noreferrer\">info@mtlcool.com<\/a><\/p>\n<p>[\/et_pb_text][\/et_pb_column][\/et_pb_row][et_pb_row make_fullwidth=\u00a0\u00bbon\u00a0\u00bb use_custom_gutter=\u00a0\u00bbon\u00a0\u00bb gutter_width=\u00a0\u00bb1&Prime; _builder_version=\u00a0\u00bb3.0.101&Prime;][et_pb_column type=\u00a0\u00bb4_4&Prime;][et_pb_map address=\u00a0\u00bb7880 Boulevard Industriel, Chambly, QC J3L 4X3, Canada\u00a0\u00bb zoom_level=\u00a0\u00bb7&Prime; address_lat=\u00a0\u00bb45.150135136&Prime; address_lng=\u00a0\u00bb-74.7525837688&Prime; _builder_version=\u00a0\u00bb3.0.106&Prime; _map_version=\u00a0\u00bb5&Prime; mouse_wheel=\u00a0\u00bbon\u00a0\u00bb mobile_dragging=\u00a0\u00bbon\u00a0\u00bb use_grayscale_filter=\u00a0\u00bboff\u00a0\u00bb][et_pb_map_pin title=\u00a0\u00bb7880 Boulevard Industriel, Chambly, QC J3L 4X3&Prime; pin_address=\u00a0\u00bb7880 Boulevard Industriel, Chambly, QC J3L 4X3, Canada\u00a0\u00bb pin_address_lat=\u00a0\u00bb45.4168186&Prime; pin_address_lng=\u00a0\u00bb-73.28041580000001&Prime; _builder_version=\u00a0\u00bb3.0.106&Prime;]<\/p>\n<p>7880 Boulevard Industriel, Chambly, QC J3L 4X3<\/p>\n<p>[\/et_pb_map_pin][et_pb_map_pin title=\u00a0\u00bb1483 Military Turnpike, Building 6, Suite #200, Plattsburgh, NY 12901, USA\u00a0\u00bb pin_address=\u00a0\u00bb178 Banker Rd #200, Plattsburgh, NY 12901, \u00c9tats-Unis\u00a0\u00bb pin_address_lat=\u00a0\u00bb44.7126188&Prime; pin_address_lng=\u00a0\u00bb-73.5415758&Prime; _builder_version=\u00a0\u00bb3.0.106&Prime;]<\/p>\n<div class=\"section-share-summary\">\n<div class=\"section-share-summary-text\">\n<div class=\"section-share-summary-subtitle\">1483 Military Turnpike, Building 6, Suite #200, Plattsburgh, NY 12901, USA<\/div>\n<\/div>\n<\/div>\n<p>[\/et_pb_map_pin][\/et_pb_map][\/et_pb_column][\/et_pb_row][\/et_pb_section]<\/p>\n","protected":false},"excerpt":{"rendered":"<p>CONTACTEZ-NOUS AUJOURD&rsquo;HUI <div class=\"frm_forms  with_frm_style frm_style_formidable-style\" id=\"frm_form_6_container\" >\n<form enctype=\"multipart\/form-data\" method=\"post\" class=\"frm-show-form btn-right frm_pro_form \" id=\"form_z1rge\" >\n<div class=\"frm_form_fields \">\n<fieldset>\n<legend class=\"frm_screen_reader\">Contact - FR<\/legend>\r\n\r\n<div class=\"frm_fields_container\">\n<input type=\"hidden\" name=\"frm_action\" value=\"create\" \/>\n<input type=\"hidden\" name=\"form_id\" value=\"6\" \/>\n<input type=\"hidden\" name=\"frm_hide_fields_6\" id=\"frm_hide_fields_6\" value=\"\" \/>\n<input type=\"hidden\" name=\"form_key\" value=\"z1rge\" \/>\n<input type=\"hidden\" name=\"item_meta[0]\" value=\"\" \/>\n<input type=\"hidden\" id=\"frm_submit_entry_6\" name=\"frm_submit_entry_6\" value=\"1b01d49845\" \/><input type=\"hidden\" name=\"_wp_http_referer\" value=\"\/fr\/wp-json\/wp\/v2\/pages\/164\" \/><div id=\"frm_field_75_container\" class=\"frm_form_field form-field  frm_required_field frm_none_container frm_first frm_half\">\r\n    <label for=\"field_91w7\" class=\"frm_primary_label\">Nom\r\n        <span class=\"frm_required\">*<\/span>\r\n    <\/label>\r\n    <input  type=\"text\" id=\"field_91w7\" name=\"item_meta[75]\" value=\"\"  placeholder=\"Nom* :\" data-reqmsg=\"Ce champ ne peut pas \u00eatre vide\" aria-required=\"true\" data-invmsg=\"texte est non valide\" aria-invalid=\"false\"   \/>\r\n    \r\n    \r\n<\/div>\n<div id=\"frm_field_76_container\" class=\"frm_form_field form-field  frm_required_field frm_none_container frm_half\">\r\n    <label for=\"field_ogciu\" class=\"frm_primary_label\">Pr\u00e9nom\r\n        <span class=\"frm_required\">*<\/span>\r\n    <\/label>\r\n    <input  type=\"text\" id=\"field_ogciu\" name=\"item_meta[76]\" value=\"\"  placeholder=\"Pr\u00e9nom* :\" data-reqmsg=\"Ce champ ne peut pas \u00eatre vide\" aria-required=\"true\" data-invmsg=\"texte est non valide\" aria-invalid=\"false\"   \/>\r\n    \r\n    \r\n<\/div>\n<div id=\"frm_field_77_container\" class=\"frm_form_field form-field  frm_required_field frm_none_container frm_first frm_half\">\r\n    <label for=\"field_gwp8g\" class=\"frm_primary_label\">Courriel\r\n        <span class=\"frm_required\">*<\/span>\r\n    <\/label>\r\n    <input  type=\"text\" id=\"field_gwp8g\" name=\"item_meta[77]\" value=\"\"  placeholder=\"Courriel* :\" data-reqmsg=\"Ce champ ne peut pas \u00eatre vide\" aria-required=\"true\" data-invmsg=\"texte est non valide\" aria-invalid=\"false\"   \/>\r\n    \r\n    \r\n<\/div>\n<div id=\"frm_field_78_container\" class=\"frm_form_field form-field  frm_none_container frm_half\">\r\n    <label for=\"field_6i526\" class=\"frm_primary_label\">Titre du poste\r\n        <span class=\"frm_required\"><\/span>\r\n    <\/label>\r\n    <input  type=\"text\" id=\"field_6i526\" name=\"item_meta[78]\" value=\"\"  placeholder=\"Titre du poste :\" data-invmsg=\"texte est non valide\" aria-invalid=\"false\"   \/>\r\n    \r\n    \r\n<\/div>\n<div id=\"frm_field_79_container\" class=\"frm_form_field form-field  frm_none_container frm_first frm_half\">\r\n    <label for=\"field_63mft\" class=\"frm_primary_label\">Industrie\r\n        <span class=\"frm_required\"><\/span>\r\n    <\/label>\r\n    <input  type=\"text\" id=\"field_63mft\" name=\"item_meta[79]\" value=\"\"  placeholder=\"Industrie :\" data-invmsg=\"texte est non valide\" aria-invalid=\"false\"   \/>\r\n    \r\n    \r\n<\/div>\n<div id=\"frm_field_80_container\" class=\"frm_form_field form-field  frm_none_container frm_half\">\r\n    <label for=\"field_9dtab\" class=\"frm_primary_label\">T\u00e9l\u00e9phone\r\n        <span class=\"frm_required\"><\/span>\r\n    <\/label>\r\n    <input  type=\"text\" id=\"field_9dtab\" name=\"item_meta[80]\" value=\"\"  placeholder=\"T\u00e9l\u00e9phone :\" data-invmsg=\"texte est non valide\" aria-invalid=\"false\"   \/>\r\n    \r\n    \r\n<\/div>\n<div id=\"frm_field_112_container\" class=\"frm_form_field form-field  frm_none_container\">\r\n    <label for=\"field_aulqv\" class=\"frm_primary_label\">Quel est le meilleur moment pour vous joindre ?\r\n        <span class=\"frm_required\"><\/span>\r\n    <\/label>\r\n    <input  type=\"text\" id=\"field_aulqv\" name=\"item_meta[112]\" value=\"\"  placeholder=\"Quel est le meilleur moment pour vous joindre ?\" data-invmsg=\"texte est non valide\" aria-invalid=\"false\"   \/>\r\n    \r\n    \r\n<\/div>\n<div id=\"frm_field_82_container\" class=\"frm_form_field form-field  frm_required_field frm_none_container\">\r\n    <label for=\"field_o4gi0\" class=\"frm_primary_label\">Message\r\n        <span class=\"frm_required\">*<\/span>\r\n    <\/label>\r\n    <textarea name=\"item_meta[82]\" id=\"field_o4gi0\" rows=\"5\"  placeholder=\"Message* :\" data-reqmsg=\"Ce champ ne peut pas \u00eatre vide\" aria-required=\"true\" data-invmsg=\"Message est non valide\" aria-invalid=\"false\"  ><\/textarea>\r\n    \r\n    \r\n<\/div>\n\t<input type=\"hidden\" name=\"item_key\" value=\"\" \/>\n\t\t\t<div id=\"frm_field_156_container\">\n\t\t\t<label for=\"field_tuhyg\" >\n\t\t\t\tSi vous \u00eates un humain, ne remplissez pas ce champ.\t\t\t<\/label>\n\t\t\t<input  id=\"field_tuhyg\" type=\"text\" class=\"frm_form_field form-field frm_verify\" name=\"item_meta[156]\" value=\"\"  \/>\n\t\t<\/div>\n\t\t<input name=\"frm_state\" type=\"hidden\" value=\"qLhRYQ6m\/3D0dqCrhprSBrvJm3sXfIUeoLEXi6c+ba4xPVqqMWuqTLR9+CmN5BIG\" \/><div class=\"frm_submit\">\r\n\r\n<button class=\"frm_button_submit frm_final_submit et_pb_module et_pb_button\" type=\"submit\"  >Submit<\/button>\r\n\r\n<\/div><\/div>\n<\/fieldset>\n<\/div>\n\n<\/form>\n<\/div>\n SI\u00c8GE SOCIAL SOLUTIONS TECHNOLOGIQUES FENYX INC 7880 Boulevard Industriel Chambly, Quebec J3L 4X3 Canada ETATS-UNIS FENYX USA INC 1483 Military Turnpike, Building 6, Suite 200 Plattsburgh, NY 12901 USA T\u00c9L\u00c9PHONES T\u00e9l\u00e9phone : +1 450 658 2344 Sans Frais : +1 888 685 8324 Fax : +1 450 658 2311 COURRIEL info@mtlcool.com [&hellip;]<\/p>\n","protected":false},"author":1,"featured_media":0,"parent":0,"menu_order":53,"comment_status":"closed","ping_status":"closed","template":"","meta":{"_acf_changed":false,"_et_pb_use_builder":"on","_et_pb_old_content":"","_et_gb_content_width":"","_monsterinsights_skip_tracking":false,"_monsterinsights_sitenote_active":false,"_monsterinsights_sitenote_note":"","_monsterinsights_sitenote_category":0,"footnotes":""},"class_list":["post-164","page","type-page","status-publish","hentry"],"acf":[],"yoast_head":"<!-- This site is optimized with the Yoast SEO plugin v27.4 - https:\/\/yoast.com\/product\/yoast-seo-wordpress\/ -->\n<title>Contactez-nous aujourd&#039;hui | MTL COOL<\/title>\n<meta name=\"robots\" content=\"index, follow, max-snippet:-1, max-image-preview:large, max-video-preview:-1\" \/>\n<link rel=\"canonical\" href=\"https:\/\/www.mtlcool.com\/fr\/contact\/\" \/>\n<meta property=\"og:locale\" content=\"fr_FR\" \/>\n<meta property=\"og:type\" content=\"article\" \/>\n<meta property=\"og:title\" content=\"Contactez-nous aujourd&#039;hui | MTL COOL\" \/>\n<meta property=\"og:description\" content=\"CONTACTEZ-NOUS AUJOURD&#039;HUI SI\u00c8GE SOCIAL SOLUTIONS TECHNOLOGIQUES FENYX INC 7880 Boulevard Industriel Chambly, Quebec J3L 4X3 Canada ETATS-UNIS FENYX USA INC 1483 Military Turnpike, Building 6, Suite 200 Plattsburgh, NY 12901 USA T\u00c9L\u00c9PHONES T\u00e9l\u00e9phone : +1 450 658 2344 Sans Frais : +1 888 685 8324 Fax : +1 450 658 2311 COURRIEL info@mtlcool.com [&hellip;]\" \/>\n<meta property=\"og:url\" content=\"https:\/\/www.mtlcool.com\/fr\/contact\/\" \/>\n<meta property=\"og:site_name\" content=\"MTL COOL by FENYX TECHNOLOGY SOLUTIONS INC.\" \/>\n<meta property=\"article:modified_time\" content=\"2021-01-20T13:30:57+00:00\" \/>\n<meta name=\"twitter:card\" content=\"summary_large_image\" \/>\n<meta name=\"twitter:label1\" content=\"Dur\u00e9e de lecture estim\u00e9e\" \/>\n\t<meta name=\"twitter:data1\" content=\"2 minutes\" \/>\n<script type=\"application\/ld+json\" class=\"yoast-schema-graph\">{\"@context\":\"https:\\\/\\\/schema.org\",\"@graph\":[{\"@type\":\"WebPage\",\"@id\":\"https:\\\/\\\/www.mtlcool.com\\\/fr\\\/contact\\\/\",\"url\":\"https:\\\/\\\/www.mtlcool.com\\\/fr\\\/contact\\\/\",\"name\":\"Contactez-nous aujourd'hui | MTL COOL\",\"isPartOf\":{\"@id\":\"https:\\\/\\\/www.mtlcool.com\\\/fr\\\/#website\"},\"datePublished\":\"2015-11-27T19:42:16+00:00\",\"dateModified\":\"2021-01-20T13:30:57+00:00\",\"breadcrumb\":{\"@id\":\"https:\\\/\\\/www.mtlcool.com\\\/fr\\\/contact\\\/#breadcrumb\"},\"inLanguage\":\"fr-FR\",\"potentialAction\":[{\"@type\":\"ReadAction\",\"target\":[\"https:\\\/\\\/www.mtlcool.com\\\/fr\\\/contact\\\/\"]}]},{\"@type\":\"BreadcrumbList\",\"@id\":\"https:\\\/\\\/www.mtlcool.com\\\/fr\\\/contact\\\/#breadcrumb\",\"itemListElement\":[{\"@type\":\"ListItem\",\"position\":1,\"name\":\"Accueil\",\"item\":\"https:\\\/\\\/www.mtlcool.com\\\/fr\\\/\"},{\"@type\":\"ListItem\",\"position\":2,\"name\":\"Contact\"}]},{\"@type\":\"WebSite\",\"@id\":\"https:\\\/\\\/www.mtlcool.com\\\/fr\\\/#website\",\"url\":\"https:\\\/\\\/www.mtlcool.com\\\/fr\\\/\",\"name\":\"MTL COOL by FENYX TECHNOLOGY SOLUTIONS INC.\",\"description\":\"\",\"potentialAction\":[{\"@type\":\"SearchAction\",\"target\":{\"@type\":\"EntryPoint\",\"urlTemplate\":\"https:\\\/\\\/www.mtlcool.com\\\/fr\\\/?s={search_term_string}\"},\"query-input\":{\"@type\":\"PropertyValueSpecification\",\"valueRequired\":true,\"valueName\":\"search_term_string\"}}],\"inLanguage\":\"fr-FR\"}]}<\/script>\n<!-- \/ Yoast SEO plugin. -->","yoast_head_json":{"title":"Contactez-nous aujourd'hui | MTL COOL","robots":{"index":"index","follow":"follow","max-snippet":"max-snippet:-1","max-image-preview":"max-image-preview:large","max-video-preview":"max-video-preview:-1"},"canonical":"https:\/\/www.mtlcool.com\/fr\/contact\/","og_locale":"fr_FR","og_type":"article","og_title":"Contactez-nous aujourd'hui | MTL COOL","og_description":"CONTACTEZ-NOUS AUJOURD'HUI SI\u00c8GE SOCIAL SOLUTIONS TECHNOLOGIQUES FENYX INC 7880 Boulevard Industriel Chambly, Quebec J3L 4X3 Canada ETATS-UNIS FENYX USA INC 1483 Military Turnpike, Building 6, Suite 200 Plattsburgh, NY 12901 USA T\u00c9L\u00c9PHONES T\u00e9l\u00e9phone : +1 450 658 2344 Sans Frais : +1 888 685 8324 Fax : +1 450 658 2311 COURRIEL info@mtlcool.com [&hellip;]","og_url":"https:\/\/www.mtlcool.com\/fr\/contact\/","og_site_name":"MTL COOL by FENYX TECHNOLOGY SOLUTIONS INC.","article_modified_time":"2021-01-20T13:30:57+00:00","twitter_card":"summary_large_image","twitter_misc":{"Dur\u00e9e de lecture estim\u00e9e":"2 minutes"},"schema":{"@context":"https:\/\/schema.org","@graph":[{"@type":"WebPage","@id":"https:\/\/www.mtlcool.com\/fr\/contact\/","url":"https:\/\/www.mtlcool.com\/fr\/contact\/","name":"Contactez-nous aujourd'hui | MTL COOL","isPartOf":{"@id":"https:\/\/www.mtlcool.com\/fr\/#website"},"datePublished":"2015-11-27T19:42:16+00:00","dateModified":"2021-01-20T13:30:57+00:00","breadcrumb":{"@id":"https:\/\/www.mtlcool.com\/fr\/contact\/#breadcrumb"},"inLanguage":"fr-FR","potentialAction":[{"@type":"ReadAction","target":["https:\/\/www.mtlcool.com\/fr\/contact\/"]}]},{"@type":"BreadcrumbList","@id":"https:\/\/www.mtlcool.com\/fr\/contact\/#breadcrumb","itemListElement":[{"@type":"ListItem","position":1,"name":"Accueil","item":"https:\/\/www.mtlcool.com\/fr\/"},{"@type":"ListItem","position":2,"name":"Contact"}]},{"@type":"WebSite","@id":"https:\/\/www.mtlcool.com\/fr\/#website","url":"https:\/\/www.mtlcool.com\/fr\/","name":"MTL COOL by FENYX TECHNOLOGY SOLUTIONS INC.","description":"","potentialAction":[{"@type":"SearchAction","target":{"@type":"EntryPoint","urlTemplate":"https:\/\/www.mtlcool.com\/fr\/?s={search_term_string}"},"query-input":{"@type":"PropertyValueSpecification","valueRequired":true,"valueName":"search_term_string"}}],"inLanguage":"fr-FR"}]}},"_links":{"self":[{"href":"https:\/\/www.mtlcool.com\/fr\/wp-json\/wp\/v2\/pages\/164","targetHints":{"allow":["GET"]}}],"collection":[{"href":"https:\/\/www.mtlcool.com\/fr\/wp-json\/wp\/v2\/pages"}],"about":[{"href":"https:\/\/www.mtlcool.com\/fr\/wp-json\/wp\/v2\/types\/page"}],"author":[{"embeddable":true,"href":"https:\/\/www.mtlcool.com\/fr\/wp-json\/wp\/v2\/users\/1"}],"replies":[{"embeddable":true,"href":"https:\/\/www.mtlcool.com\/fr\/wp-json\/wp\/v2\/comments?post=164"}],"version-history":[{"count":0,"href":"https:\/\/www.mtlcool.com\/fr\/wp-json\/wp\/v2\/pages\/164\/revisions"}],"wp:attachment":[{"href":"https:\/\/www.mtlcool.com\/fr\/wp-json\/wp\/v2\/media?parent=164"}],"curies":[{"name":"wp","href":"https:\/\/api.w.org\/{rel}","templated":true}]}}